{"id":19852,"date":"2024-06-04T15:35:37","date_gmt":"2024-06-04T19:35:37","guid":{"rendered":"https:\/\/limpioofertas.com\/?post_type=product&#038;p=19852"},"modified":"2024-06-05T10:22:14","modified_gmt":"2024-06-05T14:22:14","slug":"instalacion-de-maquinas-envolvedoras","status":"publish","type":"product","link":"https:\/\/limpioofertas.com\/index.php\/producto\/instalacion-de-maquinas-envolvedoras\/","title":{"rendered":"Instalaci\u00f3n de M\u00e1quinas Envolvedoras"},"content":{"rendered":"<section class=\"l-section wpb_row height_custom\"><div class=\"l-section-h i-cf\"><div class=\"g-cols vc_row via_flex valign_top type_default stacking_default\"><div class=\"vc_col-sm-12 wpb_column vc_column_container\"><div class=\"vc_column-inner\"><div class=\"wpb_wrapper\"><div class=\"wpb_text_column us_custom_432d3f53\"><div class=\"wpb_wrapper\"><div class=\"justificado\">En Limpio Ofertas SPA, ofrecemos un servicio integral de instalaci\u00f3n de m\u00e1quinas envolvedoras, dise\u00f1ado para optimizar la eficiencia y productividad de su proceso de embalaje. Nuestro equipo de t\u00e9cnicos altamente capacitados, con formaci\u00f3n en Estados Unidos e Italia, se encarga de cada detalle del proceso de instalaci\u00f3n, asegurando que sus m\u00e1quinas funcionen de manera \u00f3ptima desde\u00a0el\u00a0primer\u00a0d\u00eda.<\/div>\n<\/div><\/div><\/div><\/div><\/div><\/div><\/div><\/section>\n","protected":false},"excerpt":{"rendered":"En Limpio Ofertas SPA, ofrecemos un servicio integral de instalaci\u00f3n de m\u00e1quinas envolvedoras, dise\u00f1ado para optimizar la eficiencia y productividad de su proceso de embalaje. Nuestro equipo de t\u00e9cnicos altamente capacitados, con formaci\u00f3n en Estados Unidos e Italia, se encarga de cada detalle del proceso de instalaci\u00f3n, asegurando que sus m\u00e1quinas funcionen de manera \u00f3ptima...","protected":false},"featured_media":19861,"template":"","meta":{"_acf_changed":false},"product_cat":[1670],"product_tag":[],"class_list":{"0":"post-19852","1":"product","2":"type-product","3":"status-publish","4":"has-post-thumbnail","6":"product_cat-servicio-tecnico","8":"first","9":"instock","10":"shipping-taxable","11":"product-type-simple"},"acf":[],"_links":{"self":[{"href":"https:\/\/limpioofertas.com\/index.php\/wp-json\/wp\/v2\/product\/19852","targetHints":{"allow":["GET"]}}],"collection":[{"href":"https:\/\/limpioofertas.com\/index.php\/wp-json\/wp\/v2\/product"}],"about":[{"href":"https:\/\/limpioofertas.com\/index.php\/wp-json\/wp\/v2\/types\/product"}],"wp:featuredmedia":[{"embeddable":true,"href":"https:\/\/limpioofertas.com\/index.php\/wp-json\/wp\/v2\/media\/19861"}],"wp:attachment":[{"href":"https:\/\/limpioofertas.com\/index.php\/wp-json\/wp\/v2\/media?parent=19852"}],"wp:term":[{"taxonomy":"product_cat","embeddable":true,"href":"https:\/\/limpioofertas.com\/index.php\/wp-json\/wp\/v2\/product_cat?post=19852"},{"taxonomy":"product_tag","embeddable":true,"href":"https:\/\/limpioofertas.com\/index.php\/wp-json\/wp\/v2\/product_tag?post=19852"}],"curies":[{"name":"wp","href":"https:\/\/api.w.org\/{rel}","templated":true}]}}