{"id":19508,"date":"2024-04-19T16:35:39","date_gmt":"2024-04-19T20:35:39","guid":{"rendered":"https:\/\/limpioofertas.com\/?post_type=product&#038;p=19508"},"modified":"2024-05-29T14:43:37","modified_gmt":"2024-05-29T18:43:37","slug":"film-stretch-manual-colores-1-5-kg-neto-2-0-kg-bruto","status":"publish","type":"product","link":"https:\/\/limpioofertas.com\/index.php\/producto\/film-stretch-manual-colores-1-5-kg-neto-2-0-kg-bruto\/","title":{"rendered":"FILM STRETCH MANUAL COLORES 1.5 KG NETO \u2013 2.0 KG BRUTO"},"content":{"rendered":"<section class=\"l-section wpb_row height_custom\"><div class=\"l-section-h i-cf\"><div class=\"g-cols vc_row via_flex valign_top type_default stacking_default\"><div class=\"vc_col-sm-12 wpb_column vc_column_container\"><div class=\"vc_column-inner\"><div class=\"wpb_wrapper\"><div class=\"wpb_text_column us_custom_432d3f53\"><div class=\"wpb_wrapper\"><p>El stretch film manual pigmentado es una soluci\u00f3n vers\u00e1til y pr\u00e1ctica para una variedad de aplicaciones en el manejo de mercader\u00edas y la gesti\u00f3n de inventarios. Su caracter\u00edstica pigmentaci\u00f3n permite una diferenciaci\u00f3n clara entre diferentes productos o lotes, lo que facilita enormemente el proceso de identificaci\u00f3n y clasificaci\u00f3n en almacenes o \u00e1reas de almacenamiento.<br \/>\nUna de las ventajas adicionales del stretch film manual pigmentado es su capacidad para transportar valores de manera segura en v\u00eda p\u00fablica sin exponerlos a la vista. Al cubrir los productos con este film pigmentado, se reduce significativamente la visibilidad de su contenido, lo que disminuye el riesgo de robos o p\u00e9rdidas durante el transporte en \u00e1reas urbanas o de alto tr\u00e1fico.<\/p>\n<\/div><\/div><\/div><\/div><\/div><\/div><\/div><\/section>\n","protected":false},"excerpt":{"rendered":"El stretch film manual pigmentado es una soluci\u00f3n vers\u00e1til y pr\u00e1ctica para una variedad de aplicaciones en el manejo de mercader\u00edas y la gesti\u00f3n de inventarios. Su caracter\u00edstica pigmentaci\u00f3n permite una diferenciaci\u00f3n clara entre diferentes productos o lotes, lo que facilita enormemente el proceso de identificaci\u00f3n y clasificaci\u00f3n en almacenes o \u00e1reas de almacenamiento. Una...","protected":false},"featured_media":19509,"template":"","meta":{"_acf_changed":false},"product_cat":[1671,1675,1669],"product_tag":[],"class_list":{"0":"post-19508","1":"product","2":"type-product","3":"status-publish","4":"has-post-thumbnail","6":"product_cat-embajales","7":"product_cat-film-stretch","8":"product_cat-productos","10":"first","11":"instock","12":"shipping-taxable","13":"product-type-simple"},"acf":[],"_links":{"self":[{"href":"https:\/\/limpioofertas.com\/index.php\/wp-json\/wp\/v2\/product\/19508","targetHints":{"allow":["GET"]}}],"collection":[{"href":"https:\/\/limpioofertas.com\/index.php\/wp-json\/wp\/v2\/product"}],"about":[{"href":"https:\/\/limpioofertas.com\/index.php\/wp-json\/wp\/v2\/types\/product"}],"wp:featuredmedia":[{"embeddable":true,"href":"https:\/\/limpioofertas.com\/index.php\/wp-json\/wp\/v2\/media\/19509"}],"wp:attachment":[{"href":"https:\/\/limpioofertas.com\/index.php\/wp-json\/wp\/v2\/media?parent=19508"}],"wp:term":[{"taxonomy":"product_cat","embeddable":true,"href":"https:\/\/limpioofertas.com\/index.php\/wp-json\/wp\/v2\/product_cat?post=19508"},{"taxonomy":"product_tag","embeddable":true,"href":"https:\/\/limpioofertas.com\/index.php\/wp-json\/wp\/v2\/product_tag?post=19508"}],"curies":[{"name":"wp","href":"https:\/\/api.w.org\/{rel}","templated":true}]}}