{"id":19502,"date":"2024-04-19T16:28:00","date_gmt":"2024-04-19T20:28:00","guid":{"rendered":"https:\/\/limpioofertas.com\/?post_type=product&#038;p=19502"},"modified":"2024-05-29T14:42:04","modified_gmt":"2024-05-29T18:42:04","slug":"film-stretch-manual-1-9-kg-neto-2-0-kg-bruto","status":"publish","type":"product","link":"https:\/\/limpioofertas.com\/index.php\/producto\/film-stretch-manual-1-9-kg-neto-2-0-kg-bruto\/","title":{"rendered":"FILM STRETCH MANUAL 1.9 KG NETO \u2013 2.0 KG BRUTO"},"content":{"rendered":"<section class=\"l-section wpb_row height_custom\"><div class=\"l-section-h i-cf\"><div class=\"g-cols vc_row via_flex valign_top type_default stacking_default\"><div class=\"vc_col-sm-12 wpb_column vc_column_container\"><div class=\"vc_column-inner\"><div class=\"wpb_wrapper\"><div class=\"wpb_text_column us_custom_432d3f53\"><div class=\"wpb_wrapper\"><p>Es una pel\u00edcula estirable, transparente y fabricada con polietileno de baja densidad, lo que la convierte en el material ideal para envolver productos y pallet manualmente debido a su resistencia mec\u00e1nica y bajo espesor. Su notable capacidad para adaptarse a diferentes formas y tama\u00f1os de carga garantiza una protecci\u00f3n \u00f3ptima durante el transporte y almacenamiento. Adem\u00e1s, su rendimiento superior y su costo econ\u00f3mico la posicionan como una elecci\u00f3n preferida en el proceso de embalaje.<\/p>\n<\/div><\/div><\/div><\/div><\/div><\/div><\/div><\/section>\n","protected":false},"excerpt":{"rendered":"Es una pel\u00edcula estirable, transparente y fabricada con polietileno de baja densidad, lo que la convierte en el material ideal para envolver productos y pallet manualmente debido a su resistencia mec\u00e1nica y bajo espesor. Su notable capacidad para adaptarse a diferentes formas y tama\u00f1os de carga garantiza una protecci\u00f3n \u00f3ptima durante el transporte y almacenamiento....","protected":false},"featured_media":19503,"template":"","meta":{"_acf_changed":false},"product_cat":[1671,1675,1669],"product_tag":[],"class_list":{"0":"post-19502","1":"product","2":"type-product","3":"status-publish","4":"has-post-thumbnail","6":"product_cat-embajales","7":"product_cat-film-stretch","8":"product_cat-productos","10":"first","11":"instock","12":"shipping-taxable","13":"product-type-simple"},"acf":[],"_links":{"self":[{"href":"https:\/\/limpioofertas.com\/index.php\/wp-json\/wp\/v2\/product\/19502","targetHints":{"allow":["GET"]}}],"collection":[{"href":"https:\/\/limpioofertas.com\/index.php\/wp-json\/wp\/v2\/product"}],"about":[{"href":"https:\/\/limpioofertas.com\/index.php\/wp-json\/wp\/v2\/types\/product"}],"wp:featuredmedia":[{"embeddable":true,"href":"https:\/\/limpioofertas.com\/index.php\/wp-json\/wp\/v2\/media\/19503"}],"wp:attachment":[{"href":"https:\/\/limpioofertas.com\/index.php\/wp-json\/wp\/v2\/media?parent=19502"}],"wp:term":[{"taxonomy":"product_cat","embeddable":true,"href":"https:\/\/limpioofertas.com\/index.php\/wp-json\/wp\/v2\/product_cat?post=19502"},{"taxonomy":"product_tag","embeddable":true,"href":"https:\/\/limpioofertas.com\/index.php\/wp-json\/wp\/v2\/product_tag?post=19502"}],"curies":[{"name":"wp","href":"https:\/\/api.w.org\/{rel}","templated":true}]}}