{"id":19413,"date":"2024-04-01T10:08:46","date_gmt":"2024-04-01T13:08:46","guid":{"rendered":"https:\/\/limpioofertas.com\/?post_type=product&#038;p=19413"},"modified":"2024-05-29T15:15:49","modified_gmt":"2024-05-29T19:15:49","slug":"esquinero-de-carton","status":"publish","type":"product","link":"https:\/\/limpioofertas.com\/index.php\/producto\/esquinero-de-carton\/","title":{"rendered":"ESQUINERO DE CART\u00d3N"},"content":{"rendered":"<section class=\"l-section wpb_row height_custom\"><div class=\"l-section-h i-cf\"><div class=\"g-cols vc_row via_flex valign_top type_default stacking_default\"><div class=\"vc_col-sm-12 wpb_column vc_column_container\"><div class=\"vc_column-inner\"><div class=\"wpb_wrapper\"><div class=\"wpb_text_column us_custom_52376513 has_text_color\"><div class=\"wpb_wrapper\"><p>Su funci\u00f3n principal es distribuir la presi\u00f3n de manera uniforme, lo que ayuda a mantener la integridad estructural de los productos y evita que las esquinas se da\u00f1en o deformen. Los esquineros de cart\u00f3n son ampliamente utilizados en la industria del embalaje.<\/p>\n<p>Medidas seg\u00fan sus requerimientos.<\/p>\n<\/div><\/div><div class=\"w-separator size_medium\"><\/div><\/div><\/div><\/div><\/div><\/div><\/section>\n","protected":false},"excerpt":{"rendered":"Su funci\u00f3n principal es distribuir la presi\u00f3n de manera uniforme, lo que ayuda a mantener la integridad estructural de los productos y evita que las esquinas se da\u00f1en o deformen. Los esquineros de cart\u00f3n son ampliamente utilizados en la industria del embalaje. Medidas seg\u00fan sus requerimientos.","protected":false},"featured_media":19417,"template":"","meta":{"_acf_changed":false},"product_cat":[1678,1671,1669],"product_tag":[],"class_list":{"0":"post-19413","1":"product","2":"type-product","3":"status-publish","4":"has-post-thumbnail","6":"product_cat-accesorios-de-embalaje","7":"product_cat-embajales","8":"product_cat-productos","10":"first","11":"instock","12":"shipping-taxable","13":"product-type-simple"},"acf":[],"_links":{"self":[{"href":"https:\/\/limpioofertas.com\/index.php\/wp-json\/wp\/v2\/product\/19413","targetHints":{"allow":["GET"]}}],"collection":[{"href":"https:\/\/limpioofertas.com\/index.php\/wp-json\/wp\/v2\/product"}],"about":[{"href":"https:\/\/limpioofertas.com\/index.php\/wp-json\/wp\/v2\/types\/product"}],"wp:featuredmedia":[{"embeddable":true,"href":"https:\/\/limpioofertas.com\/index.php\/wp-json\/wp\/v2\/media\/19417"}],"wp:attachment":[{"href":"https:\/\/limpioofertas.com\/index.php\/wp-json\/wp\/v2\/media?parent=19413"}],"wp:term":[{"taxonomy":"product_cat","embeddable":true,"href":"https:\/\/limpioofertas.com\/index.php\/wp-json\/wp\/v2\/product_cat?post=19413"},{"taxonomy":"product_tag","embeddable":true,"href":"https:\/\/limpioofertas.com\/index.php\/wp-json\/wp\/v2\/product_tag?post=19413"}],"curies":[{"name":"wp","href":"https:\/\/api.w.org\/{rel}","templated":true}]}}