{"id":19199,"date":"2023-05-11T17:37:46","date_gmt":"2023-05-11T21:37:46","guid":{"rendered":"https:\/\/limpioofertas.com\/?post_type=product&#038;p=19199"},"modified":"2024-07-23T14:20:40","modified_gmt":"2024-07-23T18:20:40","slug":"selladora-automatica-de-cajas","status":"publish","type":"product","link":"https:\/\/limpioofertas.com\/index.php\/producto\/selladora-automatica-de-cajas\/","title":{"rendered":"SELLADORA AUTOM\u00c1TICA DE CAJAS"},"content":{"rendered":"<section class=\"l-section wpb_row height_custom\"><div class=\"l-section-h i-cf\"><div class=\"g-cols vc_row via_flex valign_top type_default stacking_default\"><div class=\"vc_col-sm-12 wpb_column vc_column_container\"><div class=\"vc_column-inner\"><div class=\"wpb_wrapper\"><div class=\"wpb_text_column us_custom_52376513 has_text_color\"><div class=\"wpb_wrapper\"><p>Las selladoras autom\u00e1ticas de cajas se pueden ajustar para adaptarse a diferentes tama\u00f1os de cajas y tipos de cinta adhesiva, y pueden ser operadas por una sola persona.<\/p>\n<p>Al utilizar una selladora autom\u00e1tica de cajas, se ahorra tiempo y se mejora la productividad al reducir el tiempo que se tarda en sellar manualmente cada caja. Adem\u00e1s, las cajas selladas con una selladora son m\u00e1s seguras y resistentes al transporte, protegiendo el contenido de da\u00f1os durante el env\u00edo.<\/p>\n<\/div><\/div><div class=\"w-separator size_medium\"><\/div><\/div><\/div><\/div><\/div><\/div><\/section>\n","protected":false},"excerpt":{"rendered":"Las selladoras autom\u00e1ticas de cajas se pueden ajustar para adaptarse a diferentes tama\u00f1os de cajas y tipos de cinta adhesiva, y pueden ser operadas por una sola persona. Al utilizar una selladora autom\u00e1tica de cajas, se ahorra tiempo y se mejora la productividad al reducir el tiempo que se tarda en sellar manualmente cada caja....","protected":false},"featured_media":20006,"template":"","meta":{"_acf_changed":false},"product_cat":[1672,1669],"product_tag":[],"class_list":{"0":"post-19199","1":"product","2":"type-product","3":"status-publish","4":"has-post-thumbnail","6":"product_cat-maquinas-envolvedoras","7":"product_cat-productos","9":"first","10":"instock","11":"shipping-taxable","12":"product-type-simple"},"acf":[],"_links":{"self":[{"href":"https:\/\/limpioofertas.com\/index.php\/wp-json\/wp\/v2\/product\/19199","targetHints":{"allow":["GET"]}}],"collection":[{"href":"https:\/\/limpioofertas.com\/index.php\/wp-json\/wp\/v2\/product"}],"about":[{"href":"https:\/\/limpioofertas.com\/index.php\/wp-json\/wp\/v2\/types\/product"}],"wp:featuredmedia":[{"embeddable":true,"href":"https:\/\/limpioofertas.com\/index.php\/wp-json\/wp\/v2\/media\/20006"}],"wp:attachment":[{"href":"https:\/\/limpioofertas.com\/index.php\/wp-json\/wp\/v2\/media?parent=19199"}],"wp:term":[{"taxonomy":"product_cat","embeddable":true,"href":"https:\/\/limpioofertas.com\/index.php\/wp-json\/wp\/v2\/product_cat?post=19199"},{"taxonomy":"product_tag","embeddable":true,"href":"https:\/\/limpioofertas.com\/index.php\/wp-json\/wp\/v2\/product_tag?post=19199"}],"curies":[{"name":"wp","href":"https:\/\/api.w.org\/{rel}","templated":true}]}}