{"id":19016,"date":"2023-05-05T12:23:54","date_gmt":"2023-05-05T16:23:54","guid":{"rendered":"https:\/\/limpioofertas.com\/?post_type=product&#038;p=19016"},"modified":"2024-05-29T15:08:49","modified_gmt":"2024-05-29T19:08:49","slug":"zunchos-metalicos","status":"publish","type":"product","link":"https:\/\/limpioofertas.com\/index.php\/producto\/zunchos-metalicos\/","title":{"rendered":"ZUNCHOS MET\u00c1LICOS"},"content":{"rendered":"<section class=\"l-section wpb_row height_custom\"><div class=\"l-section-h i-cf\"><div class=\"g-cols vc_row via_flex valign_top type_default stacking_default\"><div class=\"vc_col-sm-12 wpb_column vc_column_container\"><div class=\"vc_column-inner\"><div class=\"wpb_wrapper\"><div class=\"wpb_text_column us_custom_52376513 has_text_color\"><div class=\"wpb_wrapper\"><p align=\"justify\">Los Flejes Met\u00e1licos o Zunchos Met\u00e1licos de Alta Resistencia, se utilizan en aplicaciones de enzunchado de productos de alto peso, y que requieren de la mayor resistencia a la tracci\u00f3n y al impacto disponible en un zuncho. Este tipo de zuncho es producido a partir de planchas de Acero Inoxidable, siendo utilizado generalmente en miner\u00eda para la generaci\u00f3n de bultos.<\/p>\n<p>Los Zunchos Met\u00e1licos, poseen excelentes propiedades mec\u00e1nicas, pues son producidos a partir de acero de propiedades metal\u00fargicas superiores, lo que les proporciona una gran resistencia a la alta tensi\u00f3n, alta tracci\u00f3n y a condiciones dif\u00edciles. Por lo anterior, estos Zunchos de Acero son usados principalmente en la industria minera, como tambi\u00e9n en la industria forestal en barracas para la conformaci\u00f3n de bultos de productos, y en la construcci\u00f3n para la instalaci\u00f3n de se\u00f1al\u00e9ticas.<\/p>\n<\/div><\/div><\/div><\/div><\/div><\/div><\/div><\/section>\n","protected":false},"excerpt":{"rendered":"Los Flejes Met\u00e1licos o Zunchos Met\u00e1licos de Alta Resistencia, se utilizan en aplicaciones de enzunchado de productos de alto peso, y que requieren de la mayor resistencia a la tracci\u00f3n y al impacto disponible en un zuncho. Este tipo de zuncho es producido a partir de planchas de Acero Inoxidable, siendo utilizado generalmente en miner\u00eda...","protected":false},"featured_media":19271,"template":"","meta":{"_acf_changed":false},"product_cat":[1671,1669,1677],"product_tag":[],"class_list":{"0":"post-19016","1":"product","2":"type-product","3":"status-publish","4":"has-post-thumbnail","6":"product_cat-embajales","7":"product_cat-productos","8":"product_cat-zunchos-metalicos","10":"first","11":"instock","12":"shipping-taxable","13":"product-type-simple"},"acf":[],"_links":{"self":[{"href":"https:\/\/limpioofertas.com\/index.php\/wp-json\/wp\/v2\/product\/19016","targetHints":{"allow":["GET"]}}],"collection":[{"href":"https:\/\/limpioofertas.com\/index.php\/wp-json\/wp\/v2\/product"}],"about":[{"href":"https:\/\/limpioofertas.com\/index.php\/wp-json\/wp\/v2\/types\/product"}],"wp:featuredmedia":[{"embeddable":true,"href":"https:\/\/limpioofertas.com\/index.php\/wp-json\/wp\/v2\/media\/19271"}],"wp:attachment":[{"href":"https:\/\/limpioofertas.com\/index.php\/wp-json\/wp\/v2\/media?parent=19016"}],"wp:term":[{"taxonomy":"product_cat","embeddable":true,"href":"https:\/\/limpioofertas.com\/index.php\/wp-json\/wp\/v2\/product_cat?post=19016"},{"taxonomy":"product_tag","embeddable":true,"href":"https:\/\/limpioofertas.com\/index.php\/wp-json\/wp\/v2\/product_tag?post=19016"}],"curies":[{"name":"wp","href":"https:\/\/api.w.org\/{rel}","templated":true}]}}