{"id":19015,"date":"2023-05-05T12:17:31","date_gmt":"2023-05-05T16:17:31","guid":{"rendered":"https:\/\/limpioofertas.com\/?post_type=product&#038;p=19015"},"modified":"2024-05-29T15:15:34","modified_gmt":"2024-05-29T19:15:34","slug":"sello-punzonado-para-zuncho-de-1-2","status":"publish","type":"product","link":"https:\/\/limpioofertas.com\/index.php\/producto\/sello-punzonado-para-zuncho-de-1-2\/","title":{"rendered":"SELLO LISO Y PUNZONADO PARA ZUNCHO DE 1\/2 y 3\/4"},"content":{"rendered":"<section class=\"l-section wpb_row height_custom\"><div class=\"l-section-h i-cf\"><div class=\"g-cols vc_row via_flex valign_top type_default stacking_default\"><div class=\"vc_col-sm-12 wpb_column vc_column_container\"><div class=\"vc_column-inner\"><div class=\"wpb_wrapper\"><div class=\"wpb_text_column us_custom_52376513 has_text_color\"><div class=\"wpb_wrapper\"><p>Los Sellos para Zunchos de \u00bd y 3\/4 punzonados. permiten un mayor agarre al zuncho pl\u00e1stico, est\u00e1n hechos con material de alta resistencia y durabilidad. Presentaci\u00f3n en cajas de 10 kilos.<\/p>\n<\/div><\/div><\/div><\/div><\/div><\/div><\/div><\/section>\n","protected":false},"excerpt":{"rendered":"Los Sellos para Zunchos de \u00bd y 3\/4 punzonados. permiten un mayor agarre al zuncho pl\u00e1stico, est\u00e1n hechos con material de alta resistencia y durabilidad. Presentaci\u00f3n en cajas de 10 kilos.","protected":false},"featured_media":19270,"template":"","meta":{"_acf_changed":false},"product_cat":[1678,1671,1669],"product_tag":[],"class_list":{"0":"post-19015","1":"product","2":"type-product","3":"status-publish","4":"has-post-thumbnail","6":"product_cat-accesorios-de-embalaje","7":"product_cat-embajales","8":"product_cat-productos","10":"first","11":"instock","12":"shipping-taxable","13":"product-type-simple"},"acf":[],"_links":{"self":[{"href":"https:\/\/limpioofertas.com\/index.php\/wp-json\/wp\/v2\/product\/19015","targetHints":{"allow":["GET"]}}],"collection":[{"href":"https:\/\/limpioofertas.com\/index.php\/wp-json\/wp\/v2\/product"}],"about":[{"href":"https:\/\/limpioofertas.com\/index.php\/wp-json\/wp\/v2\/types\/product"}],"wp:featuredmedia":[{"embeddable":true,"href":"https:\/\/limpioofertas.com\/index.php\/wp-json\/wp\/v2\/media\/19270"}],"wp:attachment":[{"href":"https:\/\/limpioofertas.com\/index.php\/wp-json\/wp\/v2\/media?parent=19015"}],"wp:term":[{"taxonomy":"product_cat","embeddable":true,"href":"https:\/\/limpioofertas.com\/index.php\/wp-json\/wp\/v2\/product_cat?post=19015"},{"taxonomy":"product_tag","embeddable":true,"href":"https:\/\/limpioofertas.com\/index.php\/wp-json\/wp\/v2\/product_tag?post=19015"}],"curies":[{"name":"wp","href":"https:\/\/api.w.org\/{rel}","templated":true}]}}