{"id":19011,"date":"2023-05-05T11:58:01","date_gmt":"2023-05-05T15:58:01","guid":{"rendered":"https:\/\/limpioofertas.com\/?post_type=product&#038;p=19011"},"modified":"2024-05-29T15:15:04","modified_gmt":"2024-05-29T19:15:04","slug":"kit-enzunchador","status":"publish","type":"product","link":"https:\/\/limpioofertas.com\/index.php\/producto\/kit-enzunchador\/","title":{"rendered":"KIT ENZUNCHADOR"},"content":{"rendered":"<section class=\"l-section wpb_row height_custom\"><div class=\"l-section-h i-cf\"><div class=\"g-cols vc_row via_flex valign_top type_default stacking_default\"><div class=\"vc_col-sm-12 wpb_column vc_column_container\"><div class=\"vc_column-inner\"><div class=\"wpb_wrapper\"><div class=\"wpb_text_column us_custom_52376513 has_text_color\"><div class=\"wpb_wrapper\"><p align=\"justify\">Este juego de herramientas de embalaje puede ayudarle a completar f\u00e1cilmente el trabajo de embalaje. Simplemente apriete la correa del PP\/PE, luego sella el hueco y finalmente corta la correa. Es un juego de herramientas de embalaje para uso manual.<\/p>\n<p>1. El tensor aprieta la correa de pl\u00e1stico por rotaci\u00f3n, lo que puede lograr un mejor efecto de flejado.<br \/>\n2. Con la ranura de corte, el tensor tambi\u00e9n puede cortar f\u00e1cilmente la correa de pl\u00e1stico.<br \/>\n3. Apriete la correa de pl\u00e1stico, luego sella el hueco finalmente corta la correa. S\u00f3lo necesita 3 pasos para completar el embalaje.<br \/>\n4. Compacto y port\u00e1til, adecuado para todo tipo de condiciones de funcionamiento.<br \/>\n5. Aplicable para varias correas de pl\u00e1stico PET\/PP, un juego de herramientas de mano ideal para flejado, sellado y embalaje.<\/p>\n<p>Especificaci\u00f3n<\/p>\n<p>Aplicable para correa del PP\/PET: ancho: 12-19 mm. Grosor: 0.6-0.8 mm.<br \/>\nTama\u00f1o: se muestra como imagen<br \/>\nPeso: Aprox. 3218 g\/113.5 oz<\/p>\n<\/div><\/div><\/div><\/div><\/div><\/div><\/div><\/section>\n","protected":false},"excerpt":{"rendered":"Este juego de herramientas de embalaje puede ayudarle a completar f\u00e1cilmente el trabajo de embalaje. Simplemente apriete la correa del PP\/PE, luego sella el hueco y finalmente corta la correa. Es un juego de herramientas de embalaje para uso manual. 1. El tensor aprieta la correa de pl\u00e1stico por rotaci\u00f3n, lo que puede lograr un...","protected":false},"featured_media":19001,"template":"","meta":{"_acf_changed":false},"product_cat":[1678,1671,1669],"product_tag":[],"class_list":{"0":"post-19011","1":"product","2":"type-product","3":"status-publish","4":"has-post-thumbnail","6":"product_cat-accesorios-de-embalaje","7":"product_cat-embajales","8":"product_cat-productos","10":"first","11":"instock","12":"shipping-taxable","13":"product-type-simple"},"acf":[],"_links":{"self":[{"href":"https:\/\/limpioofertas.com\/index.php\/wp-json\/wp\/v2\/product\/19011","targetHints":{"allow":["GET"]}}],"collection":[{"href":"https:\/\/limpioofertas.com\/index.php\/wp-json\/wp\/v2\/product"}],"about":[{"href":"https:\/\/limpioofertas.com\/index.php\/wp-json\/wp\/v2\/types\/product"}],"wp:featuredmedia":[{"embeddable":true,"href":"https:\/\/limpioofertas.com\/index.php\/wp-json\/wp\/v2\/media\/19001"}],"wp:attachment":[{"href":"https:\/\/limpioofertas.com\/index.php\/wp-json\/wp\/v2\/media?parent=19011"}],"wp:term":[{"taxonomy":"product_cat","embeddable":true,"href":"https:\/\/limpioofertas.com\/index.php\/wp-json\/wp\/v2\/product_cat?post=19011"},{"taxonomy":"product_tag","embeddable":true,"href":"https:\/\/limpioofertas.com\/index.php\/wp-json\/wp\/v2\/product_tag?post=19011"}],"curies":[{"name":"wp","href":"https:\/\/api.w.org\/{rel}","templated":true}]}}