{"id":19010,"date":"2023-05-05T11:56:13","date_gmt":"2023-05-05T15:56:13","guid":{"rendered":"https:\/\/limpioofertas.com\/?post_type=product&#038;p=19010"},"modified":"2024-05-29T14:50:45","modified_gmt":"2024-05-29T18:50:45","slug":"fleje-de-polipropileno-pp","status":"publish","type":"product","link":"https:\/\/limpioofertas.com\/index.php\/producto\/fleje-de-polipropileno-pp\/","title":{"rendered":"FLEJE DE POLIPROPILENO (PP)"},"content":{"rendered":"<section class=\"l-section wpb_row height_custom\"><div class=\"l-section-h i-cf\"><div class=\"g-cols vc_row via_flex valign_top type_default stacking_default\"><div class=\"vc_col-sm-12 wpb_column vc_column_container\"><div class=\"vc_column-inner\"><div class=\"wpb_wrapper\"><div class=\"wpb_text_column us_custom_52376513 has_text_color\"><div class=\"wpb_wrapper\"><p align=\"justify\">Los flejes de polipropileno pertenecen a la categor\u00eda de los flejes de pl\u00e1stico. La solidez del polipropileno lo hace ideal y extremadamente resistente para el embalaje de cajas de pal\u00e9s. Entre sus ventajas, frente a los flejes de poli\u00e9ster (PET) podemos destacar las siguientes:<\/p>\n<ul>\n<li>Han sido dise\u00f1ados para cargas ligeras<\/li>\n<li>Resistencia media a la rotura, al choque.<\/li>\n<li>Alta resistencia a la humedad, a la intemperie y a las altas temperaturas, aunque solo pueden soportar temperaturas de hasta 100\u00bac y se degradan una vez expuestos a los rayos ultravioletas.<\/li>\n<li>Soportan el contacto con sustancias corrosivas.<\/li>\n<li>Pueden ser aplicados utilizando m\u00e1s de un tipo de herramienta de flejado<\/li>\n<li>Se adapta muy bien a la forma de los paquetes o productos sin estropearlo al igual que los flejes de poli\u00e9ster (PET).<\/li>\n<li>Ideal para la estabilizaci\u00f3n de cajas de madera o cart\u00f3n, metales ligeros, vidrio o pl\u00e1sticos.<\/li>\n<li>Puede utilizarse tanto es sistemas manuales con grapas de acero como autom\u00e1ticos con soldadura por calor o fricci\u00f3n.<\/li>\n<li>Es un material muy ligero<\/li>\n<li>Es uno de los flejes m\u00e1s econ\u00f3micos.<\/li>\n<li>Gracias a sus propiedades pl\u00e1sticas no se oxida.<\/li>\n<li>Ofrece una amplia gama de colores y dimensiones.<\/li>\n<\/ul>\n<\/div><\/div><\/div><\/div><\/div><\/div><\/div><\/section>\n","protected":false},"excerpt":{"rendered":"Los flejes de polipropileno pertenecen a la categor\u00eda de los flejes de pl\u00e1stico. La solidez del polipropileno lo hace ideal y extremadamente resistente para el embalaje de cajas de pal\u00e9s. Entre sus ventajas, frente a los flejes de poli\u00e9ster (PET) podemos destacar las siguientes: Han sido dise\u00f1ados para cargas ligeras Resistencia media a la rotura,...","protected":false},"featured_media":19268,"template":"","meta":{"_acf_changed":false},"product_cat":[1671,1676,1669],"product_tag":[],"class_list":{"0":"post-19010","1":"product","2":"type-product","3":"status-publish","4":"has-post-thumbnail","6":"product_cat-embajales","7":"product_cat-fleje","8":"product_cat-productos","10":"first","11":"instock","12":"shipping-taxable","13":"product-type-simple"},"acf":[],"_links":{"self":[{"href":"https:\/\/limpioofertas.com\/index.php\/wp-json\/wp\/v2\/product\/19010","targetHints":{"allow":["GET"]}}],"collection":[{"href":"https:\/\/limpioofertas.com\/index.php\/wp-json\/wp\/v2\/product"}],"about":[{"href":"https:\/\/limpioofertas.com\/index.php\/wp-json\/wp\/v2\/types\/product"}],"wp:featuredmedia":[{"embeddable":true,"href":"https:\/\/limpioofertas.com\/index.php\/wp-json\/wp\/v2\/media\/19268"}],"wp:attachment":[{"href":"https:\/\/limpioofertas.com\/index.php\/wp-json\/wp\/v2\/media?parent=19010"}],"wp:term":[{"taxonomy":"product_cat","embeddable":true,"href":"https:\/\/limpioofertas.com\/index.php\/wp-json\/wp\/v2\/product_cat?post=19010"},{"taxonomy":"product_tag","embeddable":true,"href":"https:\/\/limpioofertas.com\/index.php\/wp-json\/wp\/v2\/product_tag?post=19010"}],"curies":[{"name":"wp","href":"https:\/\/api.w.org\/{rel}","templated":true}]}}