{"id":19008,"date":"2023-05-05T11:52:57","date_gmt":"2023-05-05T15:52:57","guid":{"rendered":"https:\/\/limpioofertas.com\/?post_type=product&#038;p=19008"},"modified":"2024-05-29T14:50:11","modified_gmt":"2024-05-29T18:50:11","slug":"fleje-de-poliester-pet","status":"publish","type":"product","link":"https:\/\/limpioofertas.com\/index.php\/producto\/fleje-de-poliester-pet\/","title":{"rendered":"FLEJE DE POLI\u00c9STER (PET)"},"content":{"rendered":"<section class=\"l-section wpb_row height_custom\"><div class=\"l-section-h i-cf\"><div class=\"g-cols vc_row via_flex valign_top type_default stacking_default\"><div class=\"vc_col-sm-12 wpb_column vc_column_container\"><div class=\"vc_column-inner\"><div class=\"wpb_wrapper\"><div class=\"wpb_text_column us_custom_52376513 has_text_color\"><div class=\"wpb_wrapper\"><p align=\"justify\">El fleje de poli\u00e9ster (PET) est\u00e1 compuesto por una fibra muy resistente que se emplea para el flejado de diferentes materiales. Por este motivo, y gracias a su alto rendimiento y cuidado de la carga, se est\u00e1 convirtiendo r\u00e1pidamente en el sistema de embalaje m\u00e1s solicitado por las industrias.<\/p>\n<ul>\n<li>Puede ser utilizado en una amplia gama de flejadoras autom\u00e1ticas y semiautom\u00e1ticas.<\/li>\n<li>Es vers\u00e1til, eficaz y ligero<\/li>\n<li>Posee una excelente memoria el\u00e1stica, una elevada resistencia y un porcentaje reducido de extensi\u00f3n.<\/li>\n<li>Absorbe una gran fuerza de choque.<\/li>\n<li>Es apto para todo tipo de industrias<\/li>\n<li>Es ideal para la sujeci\u00f3n de medias y altas cargas.<\/li>\n<li>Se adapta perfectamente a la forma de los paquetes o productos sin estropearlos y sin dejar marcas.<\/li>\n<li>Reduce el coste del embalaje de mercanc\u00edas<\/li>\n<li>Elimina el uso de materiales adicionales<\/li>\n<li>Otorga protecci\u00f3n a todo el embalaje, incluso, en ocasiones, permite evitar la utilizaci\u00f3n de protecciones como cantoneras.<\/li>\n<li>Gran manejabilidad<\/li>\n<li>Sustituyen los flejes de acero en muchas aplicaciones<\/li>\n<li>Mejor adaptabilidad a la carga<\/li>\n<li>Aporta estabilidad en el transporte de mercanc\u00edas<\/li>\n<li>Soluci\u00f3n de embalaje reciclable<\/li>\n<li>Sellado sin grapas<\/li>\n<li>Resistente a la humedad y a las altas temperaturas<\/li>\n<li>Dise\u00f1ado para el embalaje pesado como aluminio, productos corrugados, metales, materiales de construcci\u00f3n, cer\u00e1mica, madera\u2026<\/li>\n<li>Puede ser aplicado en varios sectores: construcci\u00f3n, log\u00edstica, industria sider\u00fargica, industria maderera, industria de fibras naturales y artificiales, bebidas de cart\u00f3n ondulado.<\/li>\n<\/ul>\n<\/div><\/div><\/div><\/div><\/div><\/div><\/div><\/section>\n","protected":false},"excerpt":{"rendered":"El fleje de poli\u00e9ster (PET) est\u00e1 compuesto por una fibra muy resistente que se emplea para el flejado de diferentes materiales. Por este motivo, y gracias a su alto rendimiento y cuidado de la carga, se est\u00e1 convirtiendo r\u00e1pidamente en el sistema de embalaje m\u00e1s solicitado por las industrias. Puede ser utilizado en una amplia...","protected":false},"featured_media":18999,"template":"","meta":{"_acf_changed":false},"product_cat":[1671,1676,1669],"product_tag":[],"class_list":{"0":"post-19008","1":"product","2":"type-product","3":"status-publish","4":"has-post-thumbnail","6":"product_cat-embajales","7":"product_cat-fleje","8":"product_cat-productos","10":"first","11":"instock","12":"shipping-taxable","13":"product-type-simple"},"acf":[],"_links":{"self":[{"href":"https:\/\/limpioofertas.com\/index.php\/wp-json\/wp\/v2\/product\/19008","targetHints":{"allow":["GET"]}}],"collection":[{"href":"https:\/\/limpioofertas.com\/index.php\/wp-json\/wp\/v2\/product"}],"about":[{"href":"https:\/\/limpioofertas.com\/index.php\/wp-json\/wp\/v2\/types\/product"}],"wp:featuredmedia":[{"embeddable":true,"href":"https:\/\/limpioofertas.com\/index.php\/wp-json\/wp\/v2\/media\/18999"}],"wp:attachment":[{"href":"https:\/\/limpioofertas.com\/index.php\/wp-json\/wp\/v2\/media?parent=19008"}],"wp:term":[{"taxonomy":"product_cat","embeddable":true,"href":"https:\/\/limpioofertas.com\/index.php\/wp-json\/wp\/v2\/product_cat?post=19008"},{"taxonomy":"product_tag","embeddable":true,"href":"https:\/\/limpioofertas.com\/index.php\/wp-json\/wp\/v2\/product_tag?post=19008"}],"curies":[{"name":"wp","href":"https:\/\/api.w.org\/{rel}","templated":true}]}}