{"id":19006,"date":"2023-05-05T11:46:18","date_gmt":"2023-05-05T15:46:18","guid":{"rendered":"https:\/\/limpioofertas.com\/?post_type=product&#038;p=19006"},"modified":"2024-05-29T14:36:39","modified_gmt":"2024-05-29T18:36:39","slug":"film-stretch-pre-estirado","status":"publish","type":"product","link":"https:\/\/limpioofertas.com\/index.php\/producto\/film-stretch-pre-estirado\/","title":{"rendered":"FILM STRETCH PRE-ESTIRADO"},"content":{"rendered":"<section class=\"l-section wpb_row height_custom\"><div class=\"l-section-h i-cf\"><div class=\"g-cols vc_row via_flex valign_top type_default stacking_default\"><div class=\"vc_col-sm-12 wpb_column vc_column_container\"><div class=\"vc_column-inner\"><div class=\"wpb_wrapper\"><div class=\"wpb_text_column us_custom_52376513 has_text_color\"><div class=\"wpb_wrapper\"><p align=\"justify\">Es un film especial porque te permite ahorrar tiempo al momento de paletizar tu carga. Est\u00e1 elaborado en polietileno y su aplicaci\u00f3n puede realizarse de una forma m\u00e1s f\u00e1cil y r\u00e1pida, minimizando completamente el esfuerzo requerido.<\/p>\n<p align=\"justify\">Al ser \u201cpre-estirado\u201d, este pl\u00e1stico de embalar ha sido previamente tensado facilitando una colocaci\u00f3n con menor esfuerzo. Adem\u00e1s, es un producto eco-responsable ya que permite realizar el recubrimiento de tus pallets empleando menos material y generando 2 veces menos residuos.<\/p>\n<p align=\"justify\">Este stretch film, puede ser una gran opci\u00f3n para colaborar en pro del medio ambiente ya que es una alternativa que reduce el consumo de materias primas.<\/p>\n<\/div><\/div><\/div><\/div><\/div><\/div><\/div><\/section>\n","protected":false},"excerpt":{"rendered":"Es un film especial porque te permite ahorrar tiempo al momento de paletizar tu carga. Est\u00e1 elaborado en polietileno y su aplicaci\u00f3n puede realizarse de una forma m\u00e1s f\u00e1cil y r\u00e1pida, minimizando completamente el esfuerzo requerido. Al ser \u201cpre-estirado\u201d, este pl\u00e1stico de embalar ha sido previamente tensado facilitando una colocaci\u00f3n con menor esfuerzo. Adem\u00e1s, es...","protected":false},"featured_media":19418,"template":"","meta":{"_acf_changed":false},"product_cat":[1671,1675,1669],"product_tag":[],"class_list":{"0":"post-19006","1":"product","2":"type-product","3":"status-publish","4":"has-post-thumbnail","6":"product_cat-embajales","7":"product_cat-film-stretch","8":"product_cat-productos","10":"first","11":"instock","12":"shipping-taxable","13":"product-type-simple"},"acf":[],"_links":{"self":[{"href":"https:\/\/limpioofertas.com\/index.php\/wp-json\/wp\/v2\/product\/19006","targetHints":{"allow":["GET"]}}],"collection":[{"href":"https:\/\/limpioofertas.com\/index.php\/wp-json\/wp\/v2\/product"}],"about":[{"href":"https:\/\/limpioofertas.com\/index.php\/wp-json\/wp\/v2\/types\/product"}],"wp:featuredmedia":[{"embeddable":true,"href":"https:\/\/limpioofertas.com\/index.php\/wp-json\/wp\/v2\/media\/19418"}],"wp:attachment":[{"href":"https:\/\/limpioofertas.com\/index.php\/wp-json\/wp\/v2\/media?parent=19006"}],"wp:term":[{"taxonomy":"product_cat","embeddable":true,"href":"https:\/\/limpioofertas.com\/index.php\/wp-json\/wp\/v2\/product_cat?post=19006"},{"taxonomy":"product_tag","embeddable":true,"href":"https:\/\/limpioofertas.com\/index.php\/wp-json\/wp\/v2\/product_tag?post=19006"}],"curies":[{"name":"wp","href":"https:\/\/api.w.org\/{rel}","templated":true}]}}