{"id":18995,"date":"2023-05-05T11:12:14","date_gmt":"2023-05-05T15:12:14","guid":{"rendered":"https:\/\/limpioofertas.com\/?post_type=product&#038;p=18995"},"modified":"2024-05-29T14:23:23","modified_gmt":"2024-05-29T18:23:23","slug":"dispensador-de-zuncho","status":"publish","type":"product","link":"https:\/\/limpioofertas.com\/index.php\/producto\/dispensador-de-zuncho\/","title":{"rendered":"DISPENSADOR DE ZUNCHO"},"content":{"rendered":"<section class=\"l-section wpb_row height_custom\"><div class=\"l-section-h i-cf\"><div class=\"g-cols vc_row via_flex valign_top type_default stacking_default\"><div class=\"vc_col-sm-12 wpb_column vc_column_container\"><div class=\"vc_column-inner\"><div class=\"wpb_wrapper\"><div class=\"wpb_text_column us_custom_52376513 has_text_color\"><div class=\"wpb_wrapper\"><p align=\"justify\">Realice un transporte seguro del rollo de zuncho con el dispensador de zuncho PP evitando el desenhebrado y perdida de material.<\/p>\n<p>Dise\u00f1o ligero.<\/p>\n<p>Dispensador H83 para zuncho pl\u00e1stico de alma 200 mm, con ruedas y bandeja. Muy pr\u00e1ctico y duradero. 2 meses de garant\u00eda.<\/p>\n<\/div><\/div><\/div><\/div><\/div><\/div><\/div><\/section>\n","protected":false},"excerpt":{"rendered":"<p style=\"text-align: left;\">Mantenciones realizadas a centros de Distribuci\u00f3n, empresas de alimentos, packing de frutas frescas, hortalizas y vi\u00f1edos.<\/p>\n","protected":false},"featured_media":18996,"template":"","meta":{"_acf_changed":false},"product_cat":[1674,1671,1669],"product_tag":[],"class_list":{"0":"post-18995","1":"product","2":"type-product","3":"status-publish","4":"has-post-thumbnail","6":"product_cat-dispensador-de-zuncho","7":"product_cat-embajales","8":"product_cat-productos","10":"first","11":"instock","12":"shipping-taxable","13":"product-type-simple"},"acf":[],"_links":{"self":[{"href":"https:\/\/limpioofertas.com\/index.php\/wp-json\/wp\/v2\/product\/18995","targetHints":{"allow":["GET"]}}],"collection":[{"href":"https:\/\/limpioofertas.com\/index.php\/wp-json\/wp\/v2\/product"}],"about":[{"href":"https:\/\/limpioofertas.com\/index.php\/wp-json\/wp\/v2\/types\/product"}],"wp:featuredmedia":[{"embeddable":true,"href":"https:\/\/limpioofertas.com\/index.php\/wp-json\/wp\/v2\/media\/18996"}],"wp:attachment":[{"href":"https:\/\/limpioofertas.com\/index.php\/wp-json\/wp\/v2\/media?parent=18995"}],"wp:term":[{"taxonomy":"product_cat","embeddable":true,"href":"https:\/\/limpioofertas.com\/index.php\/wp-json\/wp\/v2\/product_cat?post=18995"},{"taxonomy":"product_tag","embeddable":true,"href":"https:\/\/limpioofertas.com\/index.php\/wp-json\/wp\/v2\/product_tag?post=18995"}],"curies":[{"name":"wp","href":"https:\/\/api.w.org\/{rel}","templated":true}]}}