{"id":18985,"date":"2023-05-05T09:21:23","date_gmt":"2023-05-05T13:21:23","guid":{"rendered":"https:\/\/limpioofertas.com\/?post_type=product&#038;p=18985"},"modified":"2024-06-04T17:29:43","modified_gmt":"2024-06-04T21:29:43","slug":"servicio-tecnico-24-7","status":"publish","type":"product","link":"https:\/\/limpioofertas.com\/index.php\/producto\/servicio-tecnico-24-7\/","title":{"rendered":"Servicio T\u00e9cnico M\u00e1quinas Envolvedoras"},"content":{"rendered":"<section class=\"l-section wpb_row height_custom\"><div class=\"l-section-h i-cf\"><div class=\"g-cols vc_row via_flex valign_top type_default stacking_default\"><div class=\"vc_col-sm-12 wpb_column vc_column_container\"><div class=\"vc_column-inner\"><div class=\"wpb_wrapper\"><div class=\"wpb_text_column us_custom_52376513 has_text_color\"><div class=\"wpb_wrapper\"><p align=\"justify\">En Limpio Ofertas SPA, ofrecemos un servicio t\u00e9cnico especializado para m\u00e1quinas envolvedoras, dise\u00f1ado para garantizar el \u00f3ptimo funcionamiento y la m\u00e1xima eficiencia de sus equipos de embalaje. Nuestro equipo de t\u00e9cnicos, capacitados en Estados Unidos e Italia, est\u00e1 preparado para atender cualquier necesidad t\u00e9cnica que pueda surgir, asegurando que su maquinaria opere con la m\u00e1xima eficacia y minimizando el tiempo\u00a0de\u00a0inactividad.<\/p>\n<\/div><\/div><\/div><\/div><\/div><\/div><\/div><\/section>\n","protected":false},"excerpt":{"rendered":"<p style=\"text-align: left;\">Mantenciones realizadas a centros de Distribuci\u00f3n, empresas de alimentos, packing de frutas frescas, hortalizas y vi\u00f1edos.<\/p>\n","protected":false},"featured_media":19190,"template":"","meta":{"_acf_changed":false},"product_cat":[1669,1670],"product_tag":[],"class_list":{"0":"post-18985","1":"product","2":"type-product","3":"status-publish","4":"has-post-thumbnail","6":"product_cat-productos","7":"product_cat-servicio-tecnico","9":"first","10":"instock","11":"shipping-taxable","12":"product-type-simple"},"acf":[],"_links":{"self":[{"href":"https:\/\/limpioofertas.com\/index.php\/wp-json\/wp\/v2\/product\/18985","targetHints":{"allow":["GET"]}}],"collection":[{"href":"https:\/\/limpioofertas.com\/index.php\/wp-json\/wp\/v2\/product"}],"about":[{"href":"https:\/\/limpioofertas.com\/index.php\/wp-json\/wp\/v2\/types\/product"}],"wp:featuredmedia":[{"embeddable":true,"href":"https:\/\/limpioofertas.com\/index.php\/wp-json\/wp\/v2\/media\/19190"}],"wp:attachment":[{"href":"https:\/\/limpioofertas.com\/index.php\/wp-json\/wp\/v2\/media?parent=18985"}],"wp:term":[{"taxonomy":"product_cat","embeddable":true,"href":"https:\/\/limpioofertas.com\/index.php\/wp-json\/wp\/v2\/product_cat?post=18985"},{"taxonomy":"product_tag","embeddable":true,"href":"https:\/\/limpioofertas.com\/index.php\/wp-json\/wp\/v2\/product_tag?post=18985"}],"curies":[{"name":"wp","href":"https:\/\/api.w.org\/{rel}","templated":true}]}}