{"id":19787,"date":"2024-05-29T14:48:38","date_gmt":"2024-05-29T18:48:38","guid":{"rendered":"https:\/\/limpioofertas.com\/?page_id=19787"},"modified":"2024-06-05T11:54:02","modified_gmt":"2024-06-05T15:54:02","slug":"fleje","status":"publish","type":"page","link":"https:\/\/limpioofertas.com\/index.php\/fleje\/","title":{"rendered":"Fleje"},"content":{"rendered":"<section class=\"l-section wpb_row us_custom_578df514 product height_custom\"><div class=\"l-section-h i-cf\"><div class=\"g-cols vc_row via_flex valign_top type_default stacking_default\"><div class=\"vc_col-sm-12 wpb_column vc_column_container\"><div class=\"vc_column-inner\"><div class=\"wpb_wrapper\"><div class=\"g-cols wpb_row us_custom_136c1e48 prueba1 via_flex valign_top type_default stacking_default\"><div class=\"vc_col-sm-12 wpb_column vc_column_container\"><div class=\"vc_column-inner\"><div class=\"wpb_wrapper\"><h1 class=\"w-text us_custom_2c45cada\"><span class=\"w-text-h\"><span class=\"w-text-value\">FLEJE<\/span><\/span><\/h1><div class=\"w-separator size_medium\"><\/div><div class=\"w-grid us_custom_cb930a70 type_grid layout_19863 cols_3 pagination_regular\" id=\"us_grid_1\" style=\"--gap:1.5rem;\" data-filterable=\"true\"><style>@media (max-width:1024px){#us_grid_1 .w-grid-item{width:50%}}@media (max-width:600px){#us_grid_1 .w-grid-list{margin:0}#us_grid_1 .w-grid-item{width:100%;padding:0;margin-bottom:var(--gap,0px)}}.layout_19863 .w-grid-item-h{}.layout_19863 .usg_post_image_1{height:300px!important}.layout_19863 .usg_post_title_1{font-size:20px!important;font-weight:600!important;height:50px!important}.layout_19863 .usg_vwrapper_1{padding:30px!important;background:#ffffff!important}.layout_19863 .usg_html_2{text-align:center!important}.layout_19863 .usg_btn_1{text-align:center!important}<\/style><div class=\"w-grid-list\">\t<article class=\"w-grid-item size_1x1 post-19010 product type-product status-publish has-post-thumbnail product_cat-embajales product_cat-fleje product_cat-productos first instock shipping-taxable product-type-simple\" data-id=\"19010\">\r\n\t\t<div class=\"w-grid-item-h\">\r\n\t\t\t\t\t\t<div class=\"w-vwrapper usg_vwrapper_1 align_center valign_middle\"><div class=\"w-post-elm post_image usg_post_image_1 has_height stretched\"><a href=\"https:\/\/limpioofertas.com\/index.php\/producto\/fleje-de-polipropileno-pp\/\" aria-label=\"FLEJE DE POLIPROPILENO (PP)\"><img loading=\"lazy\" decoding=\"async\" width=\"1024\" height=\"1024\" src=\"https:\/\/limpioofertas.com\/wp-content\/uploads\/2023\/05\/zuncho-pp-1024x1024.jpeg\" class=\"attachment-large size-large wp-post-image\" alt=\"\" srcset=\"https:\/\/limpioofertas.com\/wp-content\/uploads\/2023\/05\/zuncho-pp-1024x1024.jpeg 1024w, https:\/\/limpioofertas.com\/wp-content\/uploads\/2023\/05\/zuncho-pp-300x300.jpeg 300w, https:\/\/limpioofertas.com\/wp-content\/uploads\/2023\/05\/zuncho-pp-150x150.jpeg 150w, https:\/\/limpioofertas.com\/wp-content\/uploads\/2023\/05\/zuncho-pp-600x600.jpeg 600w, https:\/\/limpioofertas.com\/wp-content\/uploads\/2023\/05\/zuncho-pp.jpeg 1500w\" sizes=\"(max-width: 1024px) 100vw, 1024px\" \/><\/a><\/div><h1 class=\"w-post-elm post_title usg_post_title_1 align_center woocommerce-loop-product__title color_link_inherit\"><a href=\"https:\/\/limpioofertas.com\/index.php\/producto\/fleje-de-polipropileno-pp\/\">FLEJE DE POLIPROPILENO (PP)<\/a><\/h1><div class=\"w-html usg_html_2\"><br\/><\/div><div class=\"w-hwrapper usg_hwrapper_1 align_center valign_middle\" style=\"--hwrapper-gap:1.20rem\"><a class=\"w-btn us-btn-style_28 usg_btn_1\" href=\"https:\/\/limpioofertas.com\/index.php\/producto\/fleje-de-polipropileno-pp\/\"><span class=\"w-btn-label\">Cotizar<\/span><\/a><\/div><\/div>\t\t<\/div>\r\n\t\t\t<\/article>\r\n\t<article class=\"w-grid-item size_1x1 post-19008 product type-product status-publish has-post-thumbnail product_cat-embajales product_cat-fleje product_cat-productos  instock shipping-taxable product-type-simple\" data-id=\"19008\">\r\n\t\t<div class=\"w-grid-item-h\">\r\n\t\t\t\t\t\t<div class=\"w-vwrapper usg_vwrapper_1 align_center valign_middle\"><div class=\"w-post-elm post_image usg_post_image_1 has_height stretched\"><a href=\"https:\/\/limpioofertas.com\/index.php\/producto\/fleje-de-poliester-pet\/\" aria-label=\"FLEJE DE POLI\u00c9STER (PET)\"><img loading=\"lazy\" decoding=\"async\" width=\"900\" height=\"600\" src=\"https:\/\/limpioofertas.com\/wp-content\/uploads\/2023\/05\/Fleje-de-Poliester-PET.jpg\" class=\"attachment-large size-large wp-post-image\" alt=\"\" srcset=\"https:\/\/limpioofertas.com\/wp-content\/uploads\/2023\/05\/Fleje-de-Poliester-PET.jpg 900w, https:\/\/limpioofertas.com\/wp-content\/uploads\/2023\/05\/Fleje-de-Poliester-PET-300x200.jpg 300w, https:\/\/limpioofertas.com\/wp-content\/uploads\/2023\/05\/Fleje-de-Poliester-PET-600x400.jpg 600w\" sizes=\"(max-width: 900px) 100vw, 900px\" \/><\/a><\/div><h1 class=\"w-post-elm post_title usg_post_title_1 align_center woocommerce-loop-product__title color_link_inherit\"><a href=\"https:\/\/limpioofertas.com\/index.php\/producto\/fleje-de-poliester-pet\/\">FLEJE DE POLI\u00c9STER (PET)<\/a><\/h1><div class=\"w-html usg_html_2\"><br\/><\/div><div class=\"w-hwrapper usg_hwrapper_1 align_center valign_middle\" style=\"--hwrapper-gap:1.20rem\"><a class=\"w-btn us-btn-style_28 usg_btn_1\" href=\"https:\/\/limpioofertas.com\/index.php\/producto\/fleje-de-poliester-pet\/\"><span class=\"w-btn-label\">Cotizar<\/span><\/a><\/div><\/div>\t\t<\/div>\r\n\t\t\t<\/article>\r\n<\/div><div class=\"w-grid-preloader\">\t<div class=\"g-preloader type_custom\">\r\n\t\t<div><img loading=\"lazy\" decoding=\"async\" width=\"300\" height=\"169\" src=\"https:\/\/limpioofertas.com\/wp-content\/uploads\/2024\/07\/carga-300x169.png\" class=\"attachment-medium size-medium\" alt=\"\" srcset=\"https:\/\/limpioofertas.com\/wp-content\/uploads\/2024\/07\/carga-300x169.png 300w, https:\/\/limpioofertas.com\/wp-content\/uploads\/2024\/07\/carga-1024x576.png 1024w, https:\/\/limpioofertas.com\/wp-content\/uploads\/2024\/07\/carga-1536x864.png 1536w, https:\/\/limpioofertas.com\/wp-content\/uploads\/2024\/07\/carga-600x338.png 600w, https:\/\/limpioofertas.com\/wp-content\/uploads\/2024\/07\/carga-170x96.png 170w, https:\/\/limpioofertas.com\/wp-content\/uploads\/2024\/07\/carga.png 1600w\" sizes=\"(max-width: 300px) 100vw, 300px\" \/><\/div>\r\n\t<\/div>\r\n\t<\/div>\t<div class=\"w-grid-json hidden\" onclick='return {&quot;action&quot;:&quot;us_ajax_grid&quot;,&quot;infinite_scroll&quot;:0,&quot;max_num_pages&quot;:1,&quot;pagination&quot;:&quot;regular&quot;,&quot;template_vars&quot;:{&quot;columns&quot;:&quot;3&quot;,&quot;exclude_items&quot;:&quot;none&quot;,&quot;img_size&quot;:&quot;default&quot;,&quot;ignore_items_size&quot;:0,&quot;items_layout&quot;:&quot;19863&quot;,&quot;items_offset&quot;:&quot;1&quot;,&quot;load_animation&quot;:&quot;none&quot;,&quot;overriding_link&quot;:&quot;{\\&quot;url\\&quot;:\\&quot;\\&quot;}&quot;,&quot;post_id&quot;:0,&quot;query_args&quot;:{&quot;post_type&quot;:[&quot;product&quot;],&quot;tax_query&quot;:[{&quot;taxonomy&quot;:&quot;product_cat&quot;,&quot;field&quot;:&quot;slug&quot;,&quot;terms&quot;:[&quot;fleje&quot;]},{&quot;taxonomy&quot;:&quot;product_visibility&quot;,&quot;field&quot;:&quot;slug&quot;,&quot;terms&quot;:[&quot;exclude-from-catalog&quot;],&quot;operator&quot;:&quot;NOT IN&quot;}],&quot;post_status&quot;:[&quot;publish&quot;,&quot;acf-disabled&quot;,&quot;wc-ywraq-new&quot;,&quot;wc-ywraq-pending&quot;,&quot;wc-ywraq-expired&quot;,&quot;wc-ywraq-accepted&quot;,&quot;wc-ywraq-rejected&quot;],&quot;meta_query&quot;:[],&quot;posts_per_page&quot;:&quot;10&quot;},&quot;orderby_query_args&quot;:{&quot;orderby&quot;:{&quot;date&quot;:&quot;DESC&quot;}},&quot;type&quot;:&quot;grid&quot;,&quot;us_grid_post_type&quot;:&quot;product&quot;,&quot;us_grid_ajax_index&quot;:1,&quot;us_grid_filter_query_string&quot;:null,&quot;us_grid_index&quot;:1,&quot;page_args&quot;:[]}}'><\/div>\r\n\t<\/div><\/div><\/div><\/div><\/div><\/div><\/div><\/div><\/div><\/div><\/section>\n","protected":false},"excerpt":{"rendered":"El fleje de poli\u00e9ster (PET) est\u00e1 compuesto por una fibra muy resistente que se emplea para el flejado de diferentes materiales. Por este motivo, y gracias a su alto rendimiento y cuidado de la carga, se est\u00e1 convirtiendo r\u00e1pidamente en el sistema de embalaje m\u00e1s solicitado por las industrias. Puede ser utilizado en una amplia...","protected":false},"author":7,"featured_media":0,"parent":0,"menu_order":0,"comment_status":"closed","ping_status":"closed","template":"","meta":{"_acf_changed":false,"footnotes":""},"class_list":["post-19787","page","type-page","status-publish","hentry"],"acf":[],"_links":{"self":[{"href":"https:\/\/limpioofertas.com\/index.php\/wp-json\/wp\/v2\/pages\/19787","targetHints":{"allow":["GET"]}}],"collection":[{"href":"https:\/\/limpioofertas.com\/index.php\/wp-json\/wp\/v2\/pages"}],"about":[{"href":"https:\/\/limpioofertas.com\/index.php\/wp-json\/wp\/v2\/types\/page"}],"author":[{"embeddable":true,"href":"https:\/\/limpioofertas.com\/index.php\/wp-json\/wp\/v2\/users\/7"}],"replies":[{"embeddable":true,"href":"https:\/\/limpioofertas.com\/index.php\/wp-json\/wp\/v2\/comments?post=19787"}],"version-history":[{"count":5,"href":"https:\/\/limpioofertas.com\/index.php\/wp-json\/wp\/v2\/pages\/19787\/revisions"}],"predecessor-version":[{"id":19950,"href":"https:\/\/limpioofertas.com\/index.php\/wp-json\/wp\/v2\/pages\/19787\/revisions\/19950"}],"wp:attachment":[{"href":"https:\/\/limpioofertas.com\/index.php\/wp-json\/wp\/v2\/media?parent=19787"}],"curies":[{"name":"wp","href":"https:\/\/api.w.org\/{rel}","templated":true}]}}