{"id":19776,"date":"2024-05-29T14:29:40","date_gmt":"2024-05-29T18:29:40","guid":{"rendered":"https:\/\/limpioofertas.com\/?page_id=19776"},"modified":"2024-06-05T11:53:51","modified_gmt":"2024-06-05T15:53:51","slug":"film-stretch","status":"publish","type":"page","link":"https:\/\/limpioofertas.com\/index.php\/film-stretch\/","title":{"rendered":"Film Stretch"},"content":{"rendered":"<section class=\"l-section wpb_row us_custom_578df514 product height_custom\"><div class=\"l-section-h i-cf\"><div class=\"g-cols vc_row via_flex valign_top type_default stacking_default\"><div class=\"vc_col-sm-12 wpb_column vc_column_container\"><div class=\"vc_column-inner\"><div class=\"wpb_wrapper\"><div class=\"g-cols wpb_row us_custom_136c1e48 prueba1 via_flex valign_top type_default stacking_default\"><div class=\"vc_col-sm-12 wpb_column vc_column_container\"><div class=\"vc_column-inner\"><div class=\"wpb_wrapper\"><h1 class=\"w-text us_custom_2c45cada\"><span class=\"w-text-h\"><span class=\"w-text-value\">FILM STRETCH<\/span><\/span><\/h1><div class=\"w-separator size_medium\"><\/div><div class=\"w-grid us_custom_cb930a70 type_grid layout_19863 cols_3 pagination_regular\" id=\"us_grid_1\" style=\"--gap:1.5rem;\" data-filterable=\"true\"><style>@media (max-width:1024px){#us_grid_1 .w-grid-item{width:50%}}@media (max-width:600px){#us_grid_1 .w-grid-list{margin:0}#us_grid_1 .w-grid-item{width:100%;padding:0;margin-bottom:var(--gap,0px)}}.layout_19863 .w-grid-item-h{}.layout_19863 .usg_post_image_1{height:300px!important}.layout_19863 .usg_post_title_1{font-size:20px!important;font-weight:600!important;height:50px!important}.layout_19863 .usg_vwrapper_1{padding:30px!important;background:#ffffff!important}.layout_19863 .usg_html_2{text-align:center!important}.layout_19863 .usg_btn_1{text-align:center!important}<\/style><div class=\"w-grid-list\">\t<article class=\"w-grid-item size_1x1 post-19511 product type-product status-publish has-post-thumbnail product_cat-embajales product_cat-film-stretch product_cat-productos first instock shipping-taxable product-type-simple\" data-id=\"19511\">\r\n\t\t<div class=\"w-grid-item-h\">\r\n\t\t\t\t\t\t<div class=\"w-vwrapper usg_vwrapper_1 align_center valign_middle\"><div class=\"w-post-elm post_image usg_post_image_1 has_height stretched\"><a href=\"https:\/\/limpioofertas.com\/index.php\/producto\/film-pre-estirado\/\" aria-label=\"FILM PRE-ESTIRADO\"><img loading=\"lazy\" decoding=\"async\" width=\"700\" height=\"450\" src=\"https:\/\/limpioofertas.com\/wp-content\/uploads\/2024\/04\/FILM-PRE-ESTIRADO.jpg\" class=\"attachment-large size-large wp-post-image\" alt=\"\" srcset=\"https:\/\/limpioofertas.com\/wp-content\/uploads\/2024\/04\/FILM-PRE-ESTIRADO.jpg 700w, https:\/\/limpioofertas.com\/wp-content\/uploads\/2024\/04\/FILM-PRE-ESTIRADO-300x193.jpg 300w, https:\/\/limpioofertas.com\/wp-content\/uploads\/2024\/04\/FILM-PRE-ESTIRADO-600x386.jpg 600w\" sizes=\"(max-width: 700px) 100vw, 700px\" \/><\/a><\/div><h1 class=\"w-post-elm post_title usg_post_title_1 align_center woocommerce-loop-product__title color_link_inherit\"><a href=\"https:\/\/limpioofertas.com\/index.php\/producto\/film-pre-estirado\/\">FILM PRE-ESTIRADO<\/a><\/h1><div class=\"w-html usg_html_2\"><br\/><\/div><div class=\"w-hwrapper usg_hwrapper_1 align_center valign_middle\" style=\"--hwrapper-gap:1.20rem\"><a class=\"w-btn us-btn-style_28 usg_btn_1\" href=\"https:\/\/limpioofertas.com\/index.php\/producto\/film-pre-estirado\/\"><span class=\"w-btn-label\">Cotizar<\/span><\/a><\/div><\/div>\t\t<\/div>\r\n\t\t\t<\/article>\r\n\t<article class=\"w-grid-item size_1x1 post-19508 product type-product status-publish has-post-thumbnail product_cat-embajales product_cat-film-stretch product_cat-productos  instock shipping-taxable product-type-simple\" data-id=\"19508\">\r\n\t\t<div class=\"w-grid-item-h\">\r\n\t\t\t\t\t\t<div class=\"w-vwrapper usg_vwrapper_1 align_center valign_middle\"><div class=\"w-post-elm post_image usg_post_image_1 has_height stretched\"><a href=\"https:\/\/limpioofertas.com\/index.php\/producto\/film-stretch-manual-colores-1-5-kg-neto-2-0-kg-bruto\/\" aria-label=\"FILM STRETCH MANUAL COLORES 1.5 KG NETO \u2013 2.0 KG BRUTO\"><img loading=\"lazy\" decoding=\"async\" width=\"400\" height=\"400\" src=\"https:\/\/limpioofertas.com\/wp-content\/uploads\/2024\/04\/FILM-STRETCH-MANUAL-COLORES-1.5-KG-NETO-\u2013-2.0-KG-BRUTO-1.png\" class=\"attachment-large size-large wp-post-image\" alt=\"\" srcset=\"https:\/\/limpioofertas.com\/wp-content\/uploads\/2024\/04\/FILM-STRETCH-MANUAL-COLORES-1.5-KG-NETO-\u2013-2.0-KG-BRUTO-1.png 400w, https:\/\/limpioofertas.com\/wp-content\/uploads\/2024\/04\/FILM-STRETCH-MANUAL-COLORES-1.5-KG-NETO-\u2013-2.0-KG-BRUTO-1-300x300.png 300w, https:\/\/limpioofertas.com\/wp-content\/uploads\/2024\/04\/FILM-STRETCH-MANUAL-COLORES-1.5-KG-NETO-\u2013-2.0-KG-BRUTO-1-150x150.png 150w\" sizes=\"(max-width: 400px) 100vw, 400px\" \/><\/a><\/div><h1 class=\"w-post-elm post_title usg_post_title_1 align_center woocommerce-loop-product__title color_link_inherit\"><a href=\"https:\/\/limpioofertas.com\/index.php\/producto\/film-stretch-manual-colores-1-5-kg-neto-2-0-kg-bruto\/\">FILM STRETCH MANUAL COLORES 1.5 KG NETO \u2013 2.0 KG BRUTO<\/a><\/h1><div class=\"w-html usg_html_2\"><br\/><\/div><div class=\"w-hwrapper usg_hwrapper_1 align_center valign_middle\" style=\"--hwrapper-gap:1.20rem\"><a class=\"w-btn us-btn-style_28 usg_btn_1\" href=\"https:\/\/limpioofertas.com\/index.php\/producto\/film-stretch-manual-colores-1-5-kg-neto-2-0-kg-bruto\/\"><span class=\"w-btn-label\">Cotizar<\/span><\/a><\/div><\/div>\t\t<\/div>\r\n\t\t\t<\/article>\r\n\t<article class=\"w-grid-item size_1x1 post-19505 product type-product status-publish has-post-thumbnail product_cat-destacados product_cat-embajales product_cat-film-stretch product_cat-productos  instock shipping-taxable product-type-simple\" data-id=\"19505\">\r\n\t\t<div class=\"w-grid-item-h\">\r\n\t\t\t\t\t\t<div class=\"w-vwrapper usg_vwrapper_1 align_center valign_middle\"><div class=\"w-post-elm post_image usg_post_image_1 has_height stretched\"><a href=\"https:\/\/limpioofertas.com\/index.php\/producto\/film-stretch-automatico-14-kg-neto-15-kg-bruto\/\" aria-label=\"FILM STRETCH AUTOMATICO 14 KG NETO \u2013 15 KG BRUTO\"><img loading=\"lazy\" decoding=\"async\" width=\"500\" height=\"500\" src=\"https:\/\/limpioofertas.com\/wp-content\/uploads\/2024\/04\/FILM-STRETCH-AUTOMATICO-14-KG-NETO-\u2013-15-KG-BRUTO.png\" class=\"attachment-large size-large wp-post-image\" alt=\"\" srcset=\"https:\/\/limpioofertas.com\/wp-content\/uploads\/2024\/04\/FILM-STRETCH-AUTOMATICO-14-KG-NETO-\u2013-15-KG-BRUTO.png 500w, https:\/\/limpioofertas.com\/wp-content\/uploads\/2024\/04\/FILM-STRETCH-AUTOMATICO-14-KG-NETO-\u2013-15-KG-BRUTO-300x300.png 300w, https:\/\/limpioofertas.com\/wp-content\/uploads\/2024\/04\/FILM-STRETCH-AUTOMATICO-14-KG-NETO-\u2013-15-KG-BRUTO-150x150.png 150w\" sizes=\"(max-width: 500px) 100vw, 500px\" \/><\/a><\/div><h1 class=\"w-post-elm post_title usg_post_title_1 align_center woocommerce-loop-product__title color_link_inherit\"><a href=\"https:\/\/limpioofertas.com\/index.php\/producto\/film-stretch-automatico-14-kg-neto-15-kg-bruto\/\">FILM STRETCH AUTOMATICO 14 KG NETO \u2013 15 KG BRUTO<\/a><\/h1><div class=\"w-html usg_html_2\"><br\/><\/div><div class=\"w-hwrapper usg_hwrapper_1 align_center valign_middle\" style=\"--hwrapper-gap:1.20rem\"><a class=\"w-btn us-btn-style_28 usg_btn_1\" href=\"https:\/\/limpioofertas.com\/index.php\/producto\/film-stretch-automatico-14-kg-neto-15-kg-bruto\/\"><span class=\"w-btn-label\">Cotizar<\/span><\/a><\/div><\/div>\t\t<\/div>\r\n\t\t\t<\/article>\r\n\t<article class=\"w-grid-item size_1x1 post-19502 product type-product status-publish has-post-thumbnail product_cat-embajales product_cat-film-stretch product_cat-productos last instock shipping-taxable product-type-simple\" data-id=\"19502\">\r\n\t\t<div class=\"w-grid-item-h\">\r\n\t\t\t\t\t\t<div class=\"w-vwrapper usg_vwrapper_1 align_center valign_middle\"><div class=\"w-post-elm post_image usg_post_image_1 has_height stretched\"><a href=\"https:\/\/limpioofertas.com\/index.php\/producto\/film-stretch-manual-1-9-kg-neto-2-0-kg-bruto\/\" aria-label=\"FILM STRETCH MANUAL 1.9 KG NETO \u2013 2.0 KG BRUTO\"><img loading=\"lazy\" decoding=\"async\" width=\"1024\" height=\"1024\" src=\"https:\/\/limpioofertas.com\/wp-content\/uploads\/2024\/04\/FILM-STRETCH-MANUAL-1.9-KG-NETO-\u2013-2.0-KG-BRUTO-1024x1024.png\" class=\"attachment-large size-large wp-post-image\" alt=\"\" srcset=\"https:\/\/limpioofertas.com\/wp-content\/uploads\/2024\/04\/FILM-STRETCH-MANUAL-1.9-KG-NETO-\u2013-2.0-KG-BRUTO-1024x1024.png 1024w, https:\/\/limpioofertas.com\/wp-content\/uploads\/2024\/04\/FILM-STRETCH-MANUAL-1.9-KG-NETO-\u2013-2.0-KG-BRUTO-300x300.png 300w, https:\/\/limpioofertas.com\/wp-content\/uploads\/2024\/04\/FILM-STRETCH-MANUAL-1.9-KG-NETO-\u2013-2.0-KG-BRUTO-150x150.png 150w, https:\/\/limpioofertas.com\/wp-content\/uploads\/2024\/04\/FILM-STRETCH-MANUAL-1.9-KG-NETO-\u2013-2.0-KG-BRUTO-600x600.png 600w, https:\/\/limpioofertas.com\/wp-content\/uploads\/2024\/04\/FILM-STRETCH-MANUAL-1.9-KG-NETO-\u2013-2.0-KG-BRUTO.png 1200w\" sizes=\"(max-width: 1024px) 100vw, 1024px\" \/><\/a><\/div><h1 class=\"w-post-elm post_title usg_post_title_1 align_center woocommerce-loop-product__title color_link_inherit\"><a href=\"https:\/\/limpioofertas.com\/index.php\/producto\/film-stretch-manual-1-9-kg-neto-2-0-kg-bruto\/\">FILM STRETCH MANUAL 1.9 KG NETO \u2013 2.0 KG BRUTO<\/a><\/h1><div class=\"w-html usg_html_2\"><br\/><\/div><div class=\"w-hwrapper usg_hwrapper_1 align_center valign_middle\" style=\"--hwrapper-gap:1.20rem\"><a class=\"w-btn us-btn-style_28 usg_btn_1\" href=\"https:\/\/limpioofertas.com\/index.php\/producto\/film-stretch-manual-1-9-kg-neto-2-0-kg-bruto\/\"><span class=\"w-btn-label\">Cotizar<\/span><\/a><\/div><\/div>\t\t<\/div>\r\n\t\t\t<\/article>\r\n\t<article class=\"w-grid-item size_1x1 post-19501 product type-product status-publish has-post-thumbnail product_cat-destacados product_cat-embajales product_cat-film-stretch product_cat-productos first instock shipping-taxable product-type-simple\" data-id=\"19501\">\r\n\t\t<div class=\"w-grid-item-h\">\r\n\t\t\t\t\t\t<div class=\"w-vwrapper usg_vwrapper_1 align_center valign_middle\"><div class=\"w-post-elm post_image usg_post_image_1 has_height stretched\"><a href=\"https:\/\/limpioofertas.com\/index.php\/producto\/film-stretch-manual-1-2-kg-neto-1-5-kg-bruto\/\" aria-label=\"FILM STRETCH MANUAL 1.2 KG NETO \u2013 1.5 KG BRUTO\"><img loading=\"lazy\" decoding=\"async\" width=\"1024\" height=\"1024\" src=\"https:\/\/limpioofertas.com\/wp-content\/uploads\/2024\/04\/FILM-STRETCH-MANUAL-1.2-KG-NETO-\u2013-1.5-KG-BRUTO-1024x1024.jpg\" class=\"attachment-large size-large wp-post-image\" alt=\"\" srcset=\"https:\/\/limpioofertas.com\/wp-content\/uploads\/2024\/04\/FILM-STRETCH-MANUAL-1.2-KG-NETO-\u2013-1.5-KG-BRUTO-1024x1024.jpg 1024w, https:\/\/limpioofertas.com\/wp-content\/uploads\/2024\/04\/FILM-STRETCH-MANUAL-1.2-KG-NETO-\u2013-1.5-KG-BRUTO-300x300.jpg 300w, https:\/\/limpioofertas.com\/wp-content\/uploads\/2024\/04\/FILM-STRETCH-MANUAL-1.2-KG-NETO-\u2013-1.5-KG-BRUTO-150x150.jpg 150w, https:\/\/limpioofertas.com\/wp-content\/uploads\/2024\/04\/FILM-STRETCH-MANUAL-1.2-KG-NETO-\u2013-1.5-KG-BRUTO-600x600.jpg 600w, https:\/\/limpioofertas.com\/wp-content\/uploads\/2024\/04\/FILM-STRETCH-MANUAL-1.2-KG-NETO-\u2013-1.5-KG-BRUTO.jpg 1500w\" sizes=\"(max-width: 1024px) 100vw, 1024px\" \/><\/a><\/div><h1 class=\"w-post-elm post_title usg_post_title_1 align_center woocommerce-loop-product__title color_link_inherit\"><a href=\"https:\/\/limpioofertas.com\/index.php\/producto\/film-stretch-manual-1-2-kg-neto-1-5-kg-bruto\/\">FILM STRETCH MANUAL 1.2 KG NETO \u2013 1.5 KG BRUTO<\/a><\/h1><div class=\"w-html usg_html_2\"><br\/><\/div><div class=\"w-hwrapper usg_hwrapper_1 align_center valign_middle\" style=\"--hwrapper-gap:1.20rem\"><a class=\"w-btn us-btn-style_28 usg_btn_1\" href=\"https:\/\/limpioofertas.com\/index.php\/producto\/film-stretch-manual-1-2-kg-neto-1-5-kg-bruto\/\"><span class=\"w-btn-label\">Cotizar<\/span><\/a><\/div><\/div>\t\t<\/div>\r\n\t\t\t<\/article>\r\n\t<article class=\"w-grid-item size_1x1 post-19006 product type-product status-publish has-post-thumbnail product_cat-embajales product_cat-film-stretch product_cat-productos  instock shipping-taxable product-type-simple\" data-id=\"19006\">\r\n\t\t<div class=\"w-grid-item-h\">\r\n\t\t\t\t\t\t<div class=\"w-vwrapper usg_vwrapper_1 align_center valign_middle\"><div class=\"w-post-elm post_image usg_post_image_1 has_height stretched\"><a href=\"https:\/\/limpioofertas.com\/index.php\/producto\/film-stretch-pre-estirado\/\" aria-label=\"FILM STRETCH PRE-ESTIRADO\"><img loading=\"lazy\" decoding=\"async\" width=\"768\" height=\"1024\" src=\"https:\/\/limpioofertas.com\/wp-content\/uploads\/2023\/05\/62ee5fac-90cb-4c22-bb2a-bf47c215d1b7-768x1024.jpg\" class=\"attachment-large size-large wp-post-image\" alt=\"\" srcset=\"https:\/\/limpioofertas.com\/wp-content\/uploads\/2023\/05\/62ee5fac-90cb-4c22-bb2a-bf47c215d1b7-768x1024.jpg 768w, https:\/\/limpioofertas.com\/wp-content\/uploads\/2023\/05\/62ee5fac-90cb-4c22-bb2a-bf47c215d1b7-225x300.jpg 225w, https:\/\/limpioofertas.com\/wp-content\/uploads\/2023\/05\/62ee5fac-90cb-4c22-bb2a-bf47c215d1b7-600x800.jpg 600w, https:\/\/limpioofertas.com\/wp-content\/uploads\/2023\/05\/62ee5fac-90cb-4c22-bb2a-bf47c215d1b7.jpg 960w\" sizes=\"(max-width: 768px) 100vw, 768px\" \/><\/a><\/div><h1 class=\"w-post-elm post_title usg_post_title_1 align_center woocommerce-loop-product__title color_link_inherit\"><a href=\"https:\/\/limpioofertas.com\/index.php\/producto\/film-stretch-pre-estirado\/\">FILM STRETCH PRE-ESTIRADO<\/a><\/h1><div class=\"w-html usg_html_2\"><br\/><\/div><div class=\"w-hwrapper usg_hwrapper_1 align_center valign_middle\" style=\"--hwrapper-gap:1.20rem\"><a class=\"w-btn us-btn-style_28 usg_btn_1\" href=\"https:\/\/limpioofertas.com\/index.php\/producto\/film-stretch-pre-estirado\/\"><span class=\"w-btn-label\">Cotizar<\/span><\/a><\/div><\/div>\t\t<\/div>\r\n\t\t\t<\/article>\r\n<\/div><div class=\"w-grid-preloader\">\t<div class=\"g-preloader type_custom\">\r\n\t\t<div><img loading=\"lazy\" decoding=\"async\" width=\"300\" height=\"169\" src=\"https:\/\/limpioofertas.com\/wp-content\/uploads\/2024\/07\/carga-300x169.png\" class=\"attachment-medium size-medium\" alt=\"\" srcset=\"https:\/\/limpioofertas.com\/wp-content\/uploads\/2024\/07\/carga-300x169.png 300w, https:\/\/limpioofertas.com\/wp-content\/uploads\/2024\/07\/carga-1024x576.png 1024w, https:\/\/limpioofertas.com\/wp-content\/uploads\/2024\/07\/carga-1536x864.png 1536w, https:\/\/limpioofertas.com\/wp-content\/uploads\/2024\/07\/carga-600x338.png 600w, https:\/\/limpioofertas.com\/wp-content\/uploads\/2024\/07\/carga-170x96.png 170w, https:\/\/limpioofertas.com\/wp-content\/uploads\/2024\/07\/carga.png 1600w\" sizes=\"(max-width: 300px) 100vw, 300px\" \/><\/div>\r\n\t<\/div>\r\n\t<\/div>\t<div class=\"w-grid-json hidden\" onclick='return {&quot;action&quot;:&quot;us_ajax_grid&quot;,&quot;infinite_scroll&quot;:0,&quot;max_num_pages&quot;:1,&quot;pagination&quot;:&quot;regular&quot;,&quot;template_vars&quot;:{&quot;columns&quot;:&quot;3&quot;,&quot;exclude_items&quot;:&quot;none&quot;,&quot;img_size&quot;:&quot;default&quot;,&quot;ignore_items_size&quot;:0,&quot;items_layout&quot;:&quot;19863&quot;,&quot;items_offset&quot;:&quot;1&quot;,&quot;load_animation&quot;:&quot;none&quot;,&quot;overriding_link&quot;:&quot;{\\&quot;url\\&quot;:\\&quot;\\&quot;}&quot;,&quot;post_id&quot;:0,&quot;query_args&quot;:{&quot;post_type&quot;:[&quot;product&quot;],&quot;tax_query&quot;:[{&quot;taxonomy&quot;:&quot;product_cat&quot;,&quot;field&quot;:&quot;slug&quot;,&quot;terms&quot;:[&quot;film-stretch&quot;]},{&quot;taxonomy&quot;:&quot;product_visibility&quot;,&quot;field&quot;:&quot;slug&quot;,&quot;terms&quot;:[&quot;exclude-from-catalog&quot;],&quot;operator&quot;:&quot;NOT IN&quot;}],&quot;post_status&quot;:[&quot;publish&quot;,&quot;acf-disabled&quot;,&quot;wc-ywraq-new&quot;,&quot;wc-ywraq-pending&quot;,&quot;wc-ywraq-expired&quot;,&quot;wc-ywraq-accepted&quot;,&quot;wc-ywraq-rejected&quot;],&quot;meta_query&quot;:[],&quot;posts_per_page&quot;:&quot;10&quot;},&quot;orderby_query_args&quot;:{&quot;orderby&quot;:{&quot;date&quot;:&quot;DESC&quot;}},&quot;type&quot;:&quot;grid&quot;,&quot;us_grid_post_type&quot;:&quot;product&quot;,&quot;us_grid_ajax_index&quot;:1,&quot;us_grid_filter_query_string&quot;:null,&quot;us_grid_index&quot;:1,&quot;page_args&quot;:[]}}'><\/div>\r\n\t<\/div><\/div><\/div><\/div><\/div><\/div><\/div><\/div><\/div><\/div><\/section>\n","protected":false},"excerpt":{"rendered":"Es un film especial porque te permite ahorrar tiempo al momento de paletizar tu carga. Est\u00e1 elaborado en polietileno y su aplicaci\u00f3n puede realizarse de una forma m\u00e1s f\u00e1cil y r\u00e1pida, minimizando completamente el esfuerzo requerido. Al ser \u201cpre-estirado\u201d, este pl\u00e1stico de embalar ha sido previamente tensado facilitando una colocaci\u00f3n con menor esfuerzo. Adem\u00e1s, es...","protected":false},"author":7,"featured_media":0,"parent":0,"menu_order":0,"comment_status":"closed","ping_status":"closed","template":"","meta":{"_acf_changed":false,"footnotes":""},"class_list":["post-19776","page","type-page","status-publish","hentry"],"acf":[],"_links":{"self":[{"href":"https:\/\/limpioofertas.com\/index.php\/wp-json\/wp\/v2\/pages\/19776","targetHints":{"allow":["GET"]}}],"collection":[{"href":"https:\/\/limpioofertas.com\/index.php\/wp-json\/wp\/v2\/pages"}],"about":[{"href":"https:\/\/limpioofertas.com\/index.php\/wp-json\/wp\/v2\/types\/page"}],"author":[{"embeddable":true,"href":"https:\/\/limpioofertas.com\/index.php\/wp-json\/wp\/v2\/users\/7"}],"replies":[{"embeddable":true,"href":"https:\/\/limpioofertas.com\/index.php\/wp-json\/wp\/v2\/comments?post=19776"}],"version-history":[{"count":6,"href":"https:\/\/limpioofertas.com\/index.php\/wp-json\/wp\/v2\/pages\/19776\/revisions"}],"predecessor-version":[{"id":19949,"href":"https:\/\/limpioofertas.com\/index.php\/wp-json\/wp\/v2\/pages\/19776\/revisions\/19949"}],"wp:attachment":[{"href":"https:\/\/limpioofertas.com\/index.php\/wp-json\/wp\/v2\/media?parent=19776"}],"curies":[{"name":"wp","href":"https:\/\/api.w.org\/{rel}","templated":true}]}}