{"id":19529,"date":"2024-04-22T17:24:11","date_gmt":"2024-04-22T21:24:11","guid":{"rendered":"https:\/\/limpioofertas.com\/index.php\/request-quote\/"},"modified":"2024-04-22T17:50:34","modified_gmt":"2024-04-22T21:50:34","slug":"cotizacion","status":"publish","type":"page","link":"https:\/\/limpioofertas.com\/index.php\/cotizacion\/","title":{"rendered":"Cotizaci\u00f3n"},"content":{"rendered":"<section class=\"l-section wpb_row us_custom_2e507188 height_custom\"><div class=\"l-section-h i-cf\"><div class=\"g-cols vc_row via_flex valign_top type_default stacking_default\"><div class=\"vc_col-sm-12 wpb_column vc_column_container\"><div class=\"vc_column-inner\"><div class=\"wpb_wrapper\"><h1 class=\"w-post-elm post_title us_custom_cd9a134e has_text_color align_center entry-title color_link_inherit\">Cotizaci\u00f3n<\/h1><div class=\"wpb_text_column\"><div class=\"wpb_wrapper\">\n<div class=\"woocommerce ywraq-wrapper ywraq-empty\">\n\t\t\t<div id=\"yith-ywraq-message\"><div class=\"ywraq-question-message\">\n\t<\/div>\n<\/div>\n\t\t\n\t\t\t\t<div class=\"ywraq-form-table-wrapper vertical\">\n\t\t\t<div class=\"ywraq-before-form\">\n\t<p class=\"ywraq_list_empty_message\">Tu lista est\u00e1 vac\u00eda, a\u00f1ade productos a la lista para enviar una solicitud<p><p class=\"return-to-shop\"><a class=\"button wc-backward\" href=\"https:\/\/limpioofertas.com\/index.php\/todos-los-productos\/\">Volver<\/a><\/p><\/div>\n\t\t\t\t\t<\/div>\n\t<\/div>\n\n<\/div><\/div><\/div><\/div><\/div><\/div><\/div><\/section>\n","protected":false},"excerpt":{"rendered":"Cotizaci\u00f3n Tu lista est\u00e1 vac\u00eda, a\u00f1ade productos a la lista para enviar una solicitudVolver","protected":false},"author":68,"featured_media":0,"parent":0,"menu_order":0,"comment_status":"closed","ping_status":"closed","template":"","meta":{"_acf_changed":false,"footnotes":""},"class_list":["post-19529","page","type-page","status-publish","hentry"],"acf":[],"_links":{"self":[{"href":"https:\/\/limpioofertas.com\/index.php\/wp-json\/wp\/v2\/pages\/19529","targetHints":{"allow":["GET"]}}],"collection":[{"href":"https:\/\/limpioofertas.com\/index.php\/wp-json\/wp\/v2\/pages"}],"about":[{"href":"https:\/\/limpioofertas.com\/index.php\/wp-json\/wp\/v2\/types\/page"}],"author":[{"embeddable":true,"href":"https:\/\/limpioofertas.com\/index.php\/wp-json\/wp\/v2\/users\/68"}],"replies":[{"embeddable":true,"href":"https:\/\/limpioofertas.com\/index.php\/wp-json\/wp\/v2\/comments?post=19529"}],"version-history":[{"count":8,"href":"https:\/\/limpioofertas.com\/index.php\/wp-json\/wp\/v2\/pages\/19529\/revisions"}],"predecessor-version":[{"id":19541,"href":"https:\/\/limpioofertas.com\/index.php\/wp-json\/wp\/v2\/pages\/19529\/revisions\/19541"}],"wp:attachment":[{"href":"https:\/\/limpioofertas.com\/index.php\/wp-json\/wp\/v2\/media?parent=19529"}],"curies":[{"name":"wp","href":"https:\/\/api.w.org\/{rel}","templated":true}]}}