{"id":19132,"date":"2023-05-05T16:29:09","date_gmt":"2023-05-05T20:29:09","guid":{"rendered":"https:\/\/limpioofertas.com\/?page_id=19132"},"modified":"2024-10-18T11:56:43","modified_gmt":"2024-10-18T14:56:43","slug":"quienes-somos-2","status":"publish","type":"page","link":"https:\/\/limpioofertas.com\/index.php\/quienes-somos-2\/","title":{"rendered":"Quienes somos"},"content":{"rendered":"<section class=\"l-section wpb_row us_custom_578df514 height_custom\"><div class=\"l-section-h i-cf\"><div class=\"g-cols vc_row via_flex valign_top type_default stacking_default\"><div class=\"vc_col-sm-1 wpb_column vc_column_container\"><div class=\"vc_column-inner\"><div class=\"wpb_wrapper\"><\/div><\/div><\/div><div class=\"vc_col-sm-10 wpb_column vc_column_container\"><div class=\"vc_column-inner\"><div class=\"wpb_wrapper\"><div class=\"g-cols wpb_row via_flex valign_top type_default stacking_default\"><div class=\"vc_col-sm-2\/5 wpb_column vc_column_container\"><div class=\"vc_column-inner\"><div class=\"wpb_wrapper\"><div class=\"w-separator size_huge\"><\/div><div class=\"w-separator size_medium\"><\/div><div class=\"w-image align_none\"><div class=\"w-image-h\"><img decoding=\"async\" width=\"768\" height=\"1024\" src=\"https:\/\/limpioofertas.com\/wp-content\/uploads\/2024\/06\/Quienes-Somos-768x1024.jpg\" class=\"attachment-large size-large\" alt=\"Quienes Somos\" loading=\"lazy\" srcset=\"https:\/\/limpioofertas.com\/wp-content\/uploads\/2024\/06\/Quienes-Somos-768x1024.jpg 768w, https:\/\/limpioofertas.com\/wp-content\/uploads\/2024\/06\/Quienes-Somos-225x300.jpg 225w, https:\/\/limpioofertas.com\/wp-content\/uploads\/2024\/06\/Quienes-Somos-600x800.jpg 600w, https:\/\/limpioofertas.com\/wp-content\/uploads\/2024\/06\/Quienes-Somos-128x170.jpg 128w, https:\/\/limpioofertas.com\/wp-content\/uploads\/2024\/06\/Quienes-Somos.jpg 960w\" sizes=\"(max-width: 768px) 100vw, 768px\" \/><\/div><\/div><\/div><\/div><\/div><div class=\"vc_col-sm-3\/5 wpb_column vc_column_container\"><div class=\"vc_column-inner\"><div class=\"wpb_wrapper\"><h1 class=\"w-text us_custom_4419c2f4 has_text_color\"><span class=\"w-text-h\"><span class=\"w-text-value\">Lo Packaging SpA<\/span><\/span><\/h1><div class=\"w-separator size_medium\"><\/div><div class=\"wpb_text_column us_custom_e0db3ea4 has_text_color\"><div class=\"wpb_wrapper\"><p>Empresa fabricante de insumos embalajes y maquinas para sus finales de l\u00edneas, \u00a0contamos con m\u00e1s de 23 a\u00f1os de experiencia en diversas \u00e1reas, como la venta y mantenimiento de maquinarias para packaging, as\u00ed como la fabricaci\u00f3n de insumos de embalaje.<br \/>\nNuestra vasta trayectoria nos ha permitido colaborar con empresas de diferentes sectores, incluyendo el agr\u00edcola, constructor, minero, log\u00edstico y farmac\u00e9utico. La confianza depositada por estas empresas es un testimonio de nuestro profesionalismo y la calidad de nuestros servicios.<br \/>\nNuestro pilar fundamental es la calidad de los repuestos industriales y el servicio t\u00e9cnico que ofrecemos. En Limpio Ofertas SPA, la venta no culmina con la compra; nos diferenciamos al asegurar que nuestros clientes se sientan tranquilos y satisfechos con nuestra atenci\u00f3n a sus necesidades.<br \/>\nGracias a nuestra presencia y a un equipo de t\u00e9cnicos especializados, capacitados en Estados Unidos e Italia, <strong>ofrecemos nuestra especial atenci\u00f3n post venta tanto en insumo como en maquinas 24-7<\/strong>, para responder a cualquier solicitud y garantizar la plena funcionalidad de nuestras instalaciones. Este compromiso con el soporte continuo y la eficiencia nos ha consolidado como una empresa confiable y l\u00edder en el mercado.<br \/>\nEn Limpio Ofertas SPA, creemos en la importancia de comunicarnos con nuestro equipo y escuchar atentamente a nuestros clientes. Nos dedicamos a comprender y analizar las necesidades espec\u00edficas de cada cliente para encontrar las soluciones m\u00e1s eficaces.<br \/>\nComun\u00edcate con nuestro equipo y experimenta nuestra capacidad para escuchar y brindar soluciones personalizadas y efectivas.<\/p>\n<\/div><\/div><\/div><\/div><\/div><\/div><\/div><\/div><\/div><div class=\"vc_col-sm-1 wpb_column vc_column_container\"><div class=\"vc_column-inner\"><div class=\"wpb_wrapper\"><\/div><\/div><\/div><\/div><\/div><\/section>\n","protected":false},"excerpt":{"rendered":"Lo Packaging SpAEmpresa fabricante de insumos embalajes y maquinas para sus finales de l\u00edneas, \u00a0contamos con m\u00e1s de 23 a\u00f1os de experiencia en diversas \u00e1reas, como la venta y mantenimiento de maquinarias para packaging, as\u00ed como la fabricaci\u00f3n de insumos de embalaje. Nuestra vasta trayectoria nos ha permitido colaborar con empresas de diferentes sectores, incluyendo...","protected":false},"author":7,"featured_media":0,"parent":0,"menu_order":0,"comment_status":"closed","ping_status":"closed","template":"","meta":{"_acf_changed":false,"footnotes":""},"class_list":["post-19132","page","type-page","status-publish","hentry"],"acf":[],"_links":{"self":[{"href":"https:\/\/limpioofertas.com\/index.php\/wp-json\/wp\/v2\/pages\/19132","targetHints":{"allow":["GET"]}}],"collection":[{"href":"https:\/\/limpioofertas.com\/index.php\/wp-json\/wp\/v2\/pages"}],"about":[{"href":"https:\/\/limpioofertas.com\/index.php\/wp-json\/wp\/v2\/types\/page"}],"author":[{"embeddable":true,"href":"https:\/\/limpioofertas.com\/index.php\/wp-json\/wp\/v2\/users\/7"}],"replies":[{"embeddable":true,"href":"https:\/\/limpioofertas.com\/index.php\/wp-json\/wp\/v2\/comments?post=19132"}],"version-history":[{"count":38,"href":"https:\/\/limpioofertas.com\/index.php\/wp-json\/wp\/v2\/pages\/19132\/revisions"}],"predecessor-version":[{"id":20108,"href":"https:\/\/limpioofertas.com\/index.php\/wp-json\/wp\/v2\/pages\/19132\/revisions\/20108"}],"wp:attachment":[{"href":"https:\/\/limpioofertas.com\/index.php\/wp-json\/wp\/v2\/media?parent=19132"}],"curies":[{"name":"wp","href":"https:\/\/api.w.org\/{rel}","templated":true}]}}