{"id":14208,"date":"2021-11-24T23:32:15","date_gmt":"2021-11-25T02:32:15","guid":{"rendered":"http:\/\/5digital.srtv.cl\/?page_id=14208"},"modified":"2024-06-05T11:03:35","modified_gmt":"2024-06-05T15:03:35","slug":"contacto","status":"publish","type":"page","link":"https:\/\/limpioofertas.com\/index.php\/contacto\/","title":{"rendered":"Contacto"},"content":{"rendered":"<section class=\"l-section wpb_row us_custom_578df514 height_custom\"><div class=\"l-section-h i-cf\"><div class=\"g-cols vc_row via_flex valign_top type_default stacking_default\"><div class=\"vc_col-sm-1 wpb_column vc_column_container\"><div class=\"vc_column-inner us_custom_6c21c073 us_animate_this\"><div class=\"wpb_wrapper\"><\/div><\/div><\/div><div class=\"vc_col-sm-10 wpb_column vc_column_container\"><div class=\"vc_column-inner\"><div class=\"wpb_wrapper\"><div class=\"g-cols wpb_row via_flex valign_top type_default stacking_default\"><div class=\"vc_col-sm-6 wpb_column vc_column_container\"><div class=\"vc_column-inner\"><div class=\"wpb_wrapper\"><div class=\"w-separator size_custom\" style=\"height:4vmax\" id=\"kea9\"><style>@media(max-width:600px){ #kea9{height:10vh!important}}<\/style><\/div><div class=\"wpb_text_column\"><div class=\"wpb_wrapper\"><p style=\"text-align: left;\">\n<div class=\"wpcf7 no-js\" id=\"wpcf7-f14313-o1\" lang=\"es-ES\" dir=\"ltr\" data-wpcf7-id=\"14313\">\n<div class=\"screen-reader-response\"><p role=\"status\" aria-live=\"polite\" aria-atomic=\"true\"><\/p> <ul><\/ul><\/div>\n<form action=\"\/index.php\/wp-json\/wp\/v2\/pages\/14208#wpcf7-f14313-o1\" method=\"post\" class=\"wpcf7-form init\" aria-label=\"Formulario de contacto\" novalidate=\"novalidate\" data-status=\"init\">\n<div style=\"display: none;\">\n<input type=\"hidden\" name=\"_wpcf7\" value=\"14313\" \/>\n<input type=\"hidden\" name=\"_wpcf7_version\" value=\"6.0\" \/>\n<input type=\"hidden\" name=\"_wpcf7_locale\" value=\"es_ES\" \/>\n<input type=\"hidden\" name=\"_wpcf7_unit_tag\" value=\"wpcf7-f14313-o1\" \/>\n<input type=\"hidden\" name=\"_wpcf7_container_post\" value=\"0\" \/>\n<input type=\"hidden\" name=\"_wpcf7_posted_data_hash\" value=\"\" \/>\n<input type=\"hidden\" name=\"_wpcf7dtx_version\" value=\"5.0.0\" \/>\n<input type=\"hidden\" name=\"_wpcf7_recaptcha_response\" value=\"\" \/>\n<\/div>\n<p><label>Nombre<br \/>\n<span class=\"wpcf7-form-control-wrap\" data-name=\"your-name\"><input size=\"40\" maxlength=\"400\" class=\"wpcf7-form-control wpcf7-text wpcf7-validates-as-required\" aria-required=\"true\" aria-invalid=\"false\" value=\"\" type=\"text\" name=\"your-name\" \/><\/span> <\/label>\n<\/p>\n<p><label>Empresa (Opcional)<br \/>\n<span class=\"wpcf7-form-control-wrap\" data-name=\"your-company\"><input size=\"40\" maxlength=\"400\" class=\"wpcf7-form-control wpcf7-text\" aria-invalid=\"false\" value=\"\" type=\"text\" name=\"your-company\" \/><\/span> <\/label>\n<\/p>\n<p><label>Tel\u00e9fono<br \/>\n<span class=\"wpcf7-form-control-wrap\" data-name=\"your-phone\"><input size=\"40\" maxlength=\"400\" class=\"wpcf7-form-control wpcf7-text wpcf7-validates-as-required\" aria-required=\"true\" aria-invalid=\"false\" value=\"\" type=\"text\" name=\"your-phone\" \/><\/span> <\/label>\n<\/p>\n<p><label>Email<br \/>\n<span class=\"wpcf7-form-control-wrap\" data-name=\"your-email\"><input size=\"40\" maxlength=\"400\" class=\"wpcf7-form-control wpcf7-email wpcf7-validates-as-required wpcf7-text wpcf7-validates-as-email\" aria-required=\"true\" aria-invalid=\"false\" value=\"\" type=\"email\" name=\"your-email\" \/><\/span> <\/label>\n<\/p>\n<p><label>Mensaje<br \/>\n<span class=\"wpcf7-form-control-wrap\" data-name=\"your-message\"><textarea cols=\"40\" rows=\"10\" maxlength=\"2000\" class=\"wpcf7-form-control wpcf7-textarea wpcf7-validates-as-required\" aria-required=\"true\" aria-invalid=\"false\" name=\"your-message\"><\/textarea><\/span> <\/label>\n<\/p>\n<p><input class=\"wpcf7-form-control wpcf7-submit has-spinner\" type=\"submit\" value=\"Enviar\" \/>\n<\/p><div class=\"wpcf7-response-output\" aria-hidden=\"true\"><\/div>\n<\/form>\n<\/div>\n<\/div><\/div><\/div><\/div><\/div><div class=\"vc_col-sm-6 wpb_column vc_column_container\"><div class=\"vc_column-inner\"><div class=\"wpb_wrapper\"><div class=\"w-vwrapper us_custom_5ecafa67 align_none valign_top\"><h3 class=\"w-text us_custom_a3c4ffc9\"><span class=\"w-text-h\"><span class=\"w-text-value\">Informaci\u00f3n de Contacto<\/span><\/span><\/h3><h5 class=\"w-text us_custom_f73f4019\"><span class=\"w-text-h\"><span class=\"w-text-value\">Direcci\u00f3n: Vicu\u00f1a Mackenna #2614, Pe\u00f1aflor<\/span><\/span><\/h5><h5 class=\"w-text us_custom_9b31c381 has_text_color\"><a href=\"tel:+56979917362\" class=\"w-text-h\"><span class=\"w-text-value\">Tel\u00e9fono: +56979917362<\/span><\/a><\/h5><h5 class=\"w-text us_custom_9b31c381 has_text_color\"><a href=\"https:\/\/api.whatsapp.com\/send\/?phone=56976505172\" class=\"w-text-h\"><span class=\"w-text-value\">Celular: +56976505172<\/span><\/a><\/h5><h5 class=\"w-text us_custom_9b31c381 has_text_color\"><a target=\"_blank\" rel=\"nofollow\" href=\"mailto:anna.hansen@limpioofertas.com\" class=\"w-text-h\"><span class=\"w-text-value\">Email : anna.hansen@limpioofertas.com<\/span><\/a><\/h5><h5 class=\"w-text us_custom_9b31c381 has_text_color\"><a href=\"mailto:jurgenoperaciones@limpioofertas.com\" class=\"w-text-h\"><span class=\"w-text-value\">Email : jurgenoperaciones@limpioofertas.com<\/span><\/a><\/h5><h5 class=\"w-text us_custom_9b31c381 has_text_color\"><a href=\"mailto:voyarce@limpioofertas.com\" class=\"w-text-h\"><span class=\"w-text-value\">Email : voyarce@limpioofertas.com<\/span><\/a><\/h5>[vc_raw_html]JTNDaWZyYW1lJTIwc3JjJTNEJTIyaHR0cHMlM0ElMkYlMkZ3d3cuZ29vZ2xlLmNvbSUyRm1hcHMlMkZlbWJlZCUzRnBiJTNEJTIxMW0xOCUyMTFtMTIlMjExbTMlMjExZDMzMjIuNzYzNDQxODAxMzA3JTIxMmQtNzAuODg3MTA1NiUyMTNkLTMzLjYxMTQ0MTgwMDAwMDAxJTIxMm0zJTIxMWYwJTIxMmYwJTIxM2YwJTIxM20yJTIxMWkxMDI0JTIxMmk3NjglMjE0ZjEzLjElMjEzbTMlMjExbTIlMjExczB4OTY2MmU2YjRlZWU1NjM5NyUyNTNBMHhmYzY1OWVkN2ZkMTU1OGI4JTIxMnNBdi4lMjUyMFZpY3UlMjVDMyUyNUIxYSUyNTIwTWFja2VubmElMjUyMDI2MTQlMjUyQyUyNTIwOTc1MDgyNiUyNTIwUGVuYWZsb3IlMjUyQyUyNTIwUGUlMjVDMyUyNUIxYWZsb3IlMjUyQyUyNTIwUmVnaSUyNUMzJTI1QjNuJTI1MjBNZXRyb3BvbGl0YW5hJTIxNWUwJTIxM20yJTIxMXNlcyUyMTJzY2wlMjE0djE2ODM5MjIxNDQyMDQlMjE1bTIlMjExc2VzJTIxMnNjbCUyMiUyMHdpZHRoJTNEJTIyNjAwJTIyJTIwaGVpZ2h0JTNEJTIyNDUwJTIyJTIwc3R5bGUlM0QlMjJib3JkZXIlM0EwJTNCJTIyJTIwYWxsb3dmdWxsc2NyZWVuJTNEJTIyJTIyJTIwbG9hZGluZyUzRCUyMmxhenklMjIlMjByZWZlcnJlcnBvbGljeSUzRCUyMm5vLXJlZmVycmVyLXdoZW4tZG93bmdyYWRlJTIyJTNFJTNDJTJGaWZyYW1lJTNF[\/vc_raw_html]<div class=\"w-separator size_small\"><\/div><h5 class=\"w-text us_custom_a5c88937\"><span class=\"w-text-h\"><span class=\"w-text-value\">S\u00edguenos<\/span><\/span><\/h5><div class=\"w-socials us_custom_82216254 has_text_color color_text shape_none\" style=\"--gap:0.3em;\"><div class=\"w-socials-list\"><div class=\"w-socials-item instagram\"><a target=\"_blank\" rel=\"nofollow\" href=\"https:\/\/www.instagram.com\/limpioofertas\/?hl=es\" class=\"w-socials-item-link\" title=\"Instagram\" aria-label=\"Instagram\"><span class=\"w-socials-item-link-hover\"><\/span><i class=\"fab fa-instagram\"><\/i><\/a><div class=\"w-socials-item-popup\"><span>Instagram<\/span><\/div><\/div><div class=\"w-socials-item facebook\"><a target=\"_blank\" rel=\"nofollow\" href=\"https:\/\/m.facebook.com\/Limpioofertas-443549406216309\/\" class=\"w-socials-item-link\" title=\"Facebook\" aria-label=\"Facebook\"><span class=\"w-socials-item-link-hover\"><\/span><i class=\"fab fa-facebook\"><\/i><\/a><div class=\"w-socials-item-popup\"><span>Facebook<\/span><\/div><\/div><div class=\"w-socials-item linkedin\"><a target=\"_blank\" rel=\"nofollow\" href=\"https:\/\/cl.linkedin.com\/in\/limpioofertaspackagingspa?trk=public_profile_browsemap\" class=\"w-socials-item-link\" title=\"LinkedIn\" aria-label=\"LinkedIn\"><span class=\"w-socials-item-link-hover\"><\/span><i class=\"fab fa-linkedin\"><\/i><\/a><div class=\"w-socials-item-popup\"><span>LinkedIn<\/span><\/div><\/div><\/div><\/div><\/div><\/div><\/div><\/div><\/div><\/div><\/div><\/div><div class=\"vc_col-sm-1 wpb_column vc_column_container\"><div class=\"vc_column-inner\"><div class=\"wpb_wrapper\"><\/div><\/div><\/div><\/div><\/div><\/section>\n","protected":false},"excerpt":{"rendered":"Nombre Empresa (Opcional) Tel\u00e9fono Email Mensaje Informaci\u00f3n de ContactoDirecci\u00f3n: Vicu\u00f1a Mackenna #2614, Pe\u00f1aflorTel\u00e9fono: +56979917362Celular: +56976505172Email : anna.hansen@limpioofertas.comEmail : jurgenoperaciones@limpioofertas.comEmail : voyarce@limpioofertas.com[vc_raw_html]JTNDaWZyYW1lJTIwc3JjJTNEJTIyaHR0cHMlM0ElMkYlMkZ3d3cuZ29vZ2xlLmNvbSUyRm1hcHMlMkZlbWJlZCUzRnBiJTNEJTIxMW0xOCUyMTFtMTIlMjExbTMlMjExZDMzMjIuNzYzNDQxODAxMzA3JTIxMmQtNzAuODg3MTA1NiUyMTNkLTMzLjYxMTQ0MTgwMDAwMDAxJTIxMm0zJTIxMWYwJTIxMmYwJTIxM2YwJTIxM20yJTIxMWkxMDI0JTIxMmk3NjglMjE0ZjEzLjElMjEzbTMlMjExbTIlMjExczB4OTY2MmU2YjRlZWU1NjM5NyUyNTNBMHhmYzY1OWVkN2ZkMTU1OGI4JTIxMnNBdi4lMjUyMFZpY3UlMjVDMyUyNUIxYSUyNTIwTWFja2VubmElMjUyMDI2MTQlMjUyQyUyNTIwOTc1MDgyNiUyNTIwUGVuYWZsb3IlMjUyQyUyNTIwUGUlMjVDMyUyNUIxYWZsb3IlMjUyQyUyNTIwUmVnaSUyNUMzJTI1QjNuJTI1MjBNZXRyb3BvbGl0YW5hJTIxNWUwJTIxM20yJTIxMXNlcyUyMTJzY2wlMjE0djE2ODM5MjIxNDQyMDQlMjE1bTIlMjExc2VzJTIxMnNjbCUyMiUyMHdpZHRoJTNEJTIyNjAwJTIyJTIwaGVpZ2h0JTNEJTIyNDUwJTIyJTIwc3R5bGUlM0QlMjJib3JkZXIlM0EwJTNCJTIyJTIwYWxsb3dmdWxsc2NyZWVuJTNEJTIyJTIyJTIwbG9hZGluZyUzRCUyMmxhenklMjIlMjByZWZlcnJlcnBvbGljeSUzRCUyMm5vLXJlZmVycmVyLXdoZW4tZG93bmdyYWRlJTIyJTNFJTNDJTJGaWZyYW1lJTNF[\/vc_raw_html]S\u00edguenosInstagramFacebookLinkedIn","protected":false},"author":7,"featured_media":0,"parent":0,"menu_order":0,"comment_status":"closed","ping_status":"closed","template":"","meta":{"_acf_changed":false,"footnotes":""},"class_list":["post-14208","page","type-page","status-publish","hentry"],"acf":[],"_links":{"self":[{"href":"https:\/\/limpioofertas.com\/index.php\/wp-json\/wp\/v2\/pages\/14208","targetHints":{"allow":["GET"]}}],"collection":[{"href":"https:\/\/limpioofertas.com\/index.php\/wp-json\/wp\/v2\/pages"}],"about":[{"href":"https:\/\/limpioofertas.com\/index.php\/wp-json\/wp\/v2\/types\/page"}],"author":[{"embeddable":true,"href":"https:\/\/limpioofertas.com\/index.php\/wp-json\/wp\/v2\/users\/7"}],"replies":[{"embeddable":true,"href":"https:\/\/limpioofertas.com\/index.php\/wp-json\/wp\/v2\/comments?post=14208"}],"version-history":[{"count":39,"href":"https:\/\/limpioofertas.com\/index.php\/wp-json\/wp\/v2\/pages\/14208\/revisions"}],"predecessor-version":[{"id":19929,"href":"https:\/\/limpioofertas.com\/index.php\/wp-json\/wp\/v2\/pages\/14208\/revisions\/19929"}],"wp:attachment":[{"href":"https:\/\/limpioofertas.com\/index.php\/wp-json\/wp\/v2\/media?parent=14208"}],"curies":[{"name":"wp","href":"https:\/\/api.w.org\/{rel}","templated":true}]}}